{"id":17605,"date":"2026-04-16T08:37:12","date_gmt":"2026-04-16T06:37:12","guid":{"rendered":"https:\/\/www.sebworld-auktionen.de\/produkt\/koehl-kontorsstol-selleo-1800-tyg-svart"},"modified":"2026-04-27T18:03:10","modified_gmt":"2026-04-27T16:03:10","slug":"koehl-kontorsstol-selleo-1800-tyg-svart","status":"publish","type":"product","link":"https:\/\/www.sebworld-auktionen.de\/sv\/lotterna\/koehl-kontorsstol-selleo-1800-tyg-svart","title":{"rendered":"K\u00f6hl kontorsstol Selleo 1800 Tyg Svart"},"content":{"rendered":"<p>Tyg | Svart | Ram Plast Svart | p\u00e5 hjul | med 2D-armst\u00f6d | med arm\u00e9. Vippfunktion | h\u00f6jdjusterbar | med l\u00e4ndryggsst\u00f6d | H: 100-121 cm | SH: 48-61 cm | B: 73 cm | D: 52 cm <\/p>\n<p>*Visning och upph\u00e4mtning: Redcarstr. 3, 53842 Troisdorf* <\/p>\n","protected":false},"excerpt":{"rendered":"<p>Tyg | Svart | Ram Plast Svart | p\u00e5 hjul | med 2D-armst\u00f6d | med arm\u00e9. Vippfunktion | h\u00f6jdjusterbar | med l\u00e4ndryggsst\u00f6d | H: 100-121 cm | SH: 48-61 cm | B: 73 cm | D: 52 cm *Visning och upph\u00e4mtning: Redcarstr. 3, 53842 Troisdorf*<\/p>\n","protected":false},"featured_media":14033,"template":"","meta":{"_acf_changed":false},"product_brand":[],"product_cat":[188],"product_tag":[],"class_list":{"0":"post-17605","1":"product","2":"type-product","3":"status-publish","4":"has-post-thumbnail","6":"product_cat-kontorssnurrstolar","8":"first","9":"instock","10":"taxable","11":"shipping-taxable","12":"purchasable","13":"product-type-auction"},"acf":[],"_links":{"self":[{"href":"https:\/\/www.sebworld-auktionen.de\/sv\/wp-json\/wp\/v2\/product\/17605","targetHints":{"allow":["GET"]}}],"collection":[{"href":"https:\/\/www.sebworld-auktionen.de\/sv\/wp-json\/wp\/v2\/product"}],"about":[{"href":"https:\/\/www.sebworld-auktionen.de\/sv\/wp-json\/wp\/v2\/types\/product"}],"wp:featuredmedia":[{"embeddable":true,"href":"https:\/\/www.sebworld-auktionen.de\/sv\/wp-json\/wp\/v2\/media\/14033"}],"wp:attachment":[{"href":"https:\/\/www.sebworld-auktionen.de\/sv\/wp-json\/wp\/v2\/media?parent=17605"}],"wp:term":[{"taxonomy":"product_brand","embeddable":true,"href":"https:\/\/www.sebworld-auktionen.de\/sv\/wp-json\/wp\/v2\/product_brand?post=17605"},{"taxonomy":"product_cat","embeddable":true,"href":"https:\/\/www.sebworld-auktionen.de\/sv\/wp-json\/wp\/v2\/product_cat?post=17605"},{"taxonomy":"product_tag","embeddable":true,"href":"https:\/\/www.sebworld-auktionen.de\/sv\/wp-json\/wp\/v2\/product_tag?post=17605"}],"curies":[{"name":"wp","href":"https:\/\/api.w.org\/{rel}","templated":true}]}}