{"id":17644,"date":"2026-04-22T13:57:12","date_gmt":"2026-04-22T11:57:12","guid":{"rendered":"https:\/\/www.sebworld-auktionen.de\/produkt\/usm-haller-desk-herman-miller-aeron-artemide-tolomeo"},"modified":"2026-04-27T18:03:13","modified_gmt":"2026-04-27T16:03:13","slug":"usm-haller-desk-herman-miller-aeron-artemide-tolomeo","status":"publish","type":"product","link":"https:\/\/www.sebworld-auktionen.de\/sv\/lotterna\/usm-haller-desk-herman-miller-aeron-artemide-tolomeo","title":{"rendered":"USM Haller Desk \/ Herman Miller Aeron \/ Artemide Tolomeo"},"content":{"rendered":"<p>Bord: Syntetisk harts | Vit | Kromad ram | med lampadapter | H: 74 cm | B: 175 cm | D: 75 cm<\/p>\n<p>Lampa: Metall | Svart | H: upp till 110 cm | \u00d8: 15 cm<\/p>\n<p>Stol: N\u00e4t | Svart | Ram Svart | H\u00f6jdjusterbar | med l\u00e5sbar vippfunktion | H: 97-110 cm | SH: 45-58 cm | B: 69 cm | D: ca 60 cm<\/p>\n","protected":false},"excerpt":{"rendered":"<p>Bord: Syntetisk harts | Vit | Kromad ram | med lampadapter | H: 74 cm | B: 175 cm | D: 75 cm Lampa: Metall | Svart | H: upp till 110 cm | \u00d8: 15 cm Stol: N\u00e4t | Svart | Ram Svart | H\u00f6jdjusterbar | med l\u00e5sbar vippfunktion | H: 97-110 cm | [&hellip;]<\/p>\n","protected":false},"featured_media":15044,"template":"","meta":{"_acf_changed":false},"product_brand":[],"product_cat":[221],"product_tag":[],"class_list":{"0":"post-17644","1":"product","2":"type-product","3":"status-publish","4":"has-post-thumbnail","6":"product_cat-uppsaettningar","8":"first","9":"instock","10":"taxable","11":"shipping-taxable","12":"purchasable","13":"product-type-auction"},"acf":[],"_links":{"self":[{"href":"https:\/\/www.sebworld-auktionen.de\/sv\/wp-json\/wp\/v2\/product\/17644","targetHints":{"allow":["GET"]}}],"collection":[{"href":"https:\/\/www.sebworld-auktionen.de\/sv\/wp-json\/wp\/v2\/product"}],"about":[{"href":"https:\/\/www.sebworld-auktionen.de\/sv\/wp-json\/wp\/v2\/types\/product"}],"wp:featuredmedia":[{"embeddable":true,"href":"https:\/\/www.sebworld-auktionen.de\/sv\/wp-json\/wp\/v2\/media\/15044"}],"wp:attachment":[{"href":"https:\/\/www.sebworld-auktionen.de\/sv\/wp-json\/wp\/v2\/media?parent=17644"}],"wp:term":[{"taxonomy":"product_brand","embeddable":true,"href":"https:\/\/www.sebworld-auktionen.de\/sv\/wp-json\/wp\/v2\/product_brand?post=17644"},{"taxonomy":"product_cat","embeddable":true,"href":"https:\/\/www.sebworld-auktionen.de\/sv\/wp-json\/wp\/v2\/product_cat?post=17644"},{"taxonomy":"product_tag","embeddable":true,"href":"https:\/\/www.sebworld-auktionen.de\/sv\/wp-json\/wp\/v2\/product_tag?post=17644"}],"curies":[{"name":"wp","href":"https:\/\/api.w.org\/{rel}","templated":true}]}}