{"id":17695,"date":"2026-04-14T10:32:24","date_gmt":"2026-04-14T08:32:24","guid":{"rendered":"https:\/\/www.sebworld-auktionen.de\/produkt\/set-med-2-svarta-laederfaatoeljer-inget-maerke"},"modified":"2026-04-14T10:32:24","modified_gmt":"2026-04-14T08:32:24","slug":"set-med-2-svarta-laederfaatoeljer-inget-maerke","status":"publish","type":"product","link":"https:\/\/www.sebworld-auktionen.de\/sv\/lotterna\/set-med-2-svarta-laederfaatoeljer-inget-maerke","title":{"rendered":"Set med 2 svarta l\u00e4derf\u00e5t\u00f6ljer (inget m\u00e4rke!)"},"content":{"rendered":"<p>Set om 2 | L\u00e4der | Svart | Kromad ram | H: 79 cm | SH: 33-43 cm | B: 74 cm | D: 77 cm<\/p>\n<p>*Ingen m\u00e4rke | 3, 53842 Troisdorf, Tyskland* <\/p>\n","protected":false},"excerpt":{"rendered":"<p>Set om 2 | L\u00e4der | Svart | Kromad ram | H: 79 cm | SH: 33-43 cm | B: 74 cm | D: 77 cm *Ingen m\u00e4rke | 3, 53842 Troisdorf, Tyskland*<\/p>\n","protected":false},"featured_media":13852,"template":"","meta":{"_acf_changed":false},"product_brand":[],"product_cat":[180],"product_tag":[],"class_list":{"0":"post-17695","1":"product","2":"type-product","3":"status-publish","4":"has-post-thumbnail","6":"product_cat-faatoelj","8":"first","9":"instock","10":"taxable","11":"shipping-taxable","12":"purchasable","13":"product-type-auction"},"acf":[],"_links":{"self":[{"href":"https:\/\/www.sebworld-auktionen.de\/sv\/wp-json\/wp\/v2\/product\/17695","targetHints":{"allow":["GET"]}}],"collection":[{"href":"https:\/\/www.sebworld-auktionen.de\/sv\/wp-json\/wp\/v2\/product"}],"about":[{"href":"https:\/\/www.sebworld-auktionen.de\/sv\/wp-json\/wp\/v2\/types\/product"}],"wp:featuredmedia":[{"embeddable":true,"href":"https:\/\/www.sebworld-auktionen.de\/sv\/wp-json\/wp\/v2\/media\/13852"}],"wp:attachment":[{"href":"https:\/\/www.sebworld-auktionen.de\/sv\/wp-json\/wp\/v2\/media?parent=17695"}],"wp:term":[{"taxonomy":"product_brand","embeddable":true,"href":"https:\/\/www.sebworld-auktionen.de\/sv\/wp-json\/wp\/v2\/product_brand?post=17695"},{"taxonomy":"product_cat","embeddable":true,"href":"https:\/\/www.sebworld-auktionen.de\/sv\/wp-json\/wp\/v2\/product_cat?post=17695"},{"taxonomy":"product_tag","embeddable":true,"href":"https:\/\/www.sebworld-auktionen.de\/sv\/wp-json\/wp\/v2\/product_tag?post=17695"}],"curies":[{"name":"wp","href":"https:\/\/api.w.org\/{rel}","templated":true}]}}