{"id":17750,"date":"2026-04-14T10:20:25","date_gmt":"2026-04-14T08:20:25","guid":{"rendered":"https:\/\/www.sebworld-auktionen.de\/produkt\/laedersoffa-med-tre-sitsiga-svarta-inget-maerke"},"modified":"2026-04-27T18:03:29","modified_gmt":"2026-04-27T16:03:29","slug":"laedersoffa-med-tre-sitsiga-svarta-inget-maerke","status":"publish","type":"product","link":"https:\/\/www.sebworld-auktionen.de\/sv\/lotterna\/laedersoffa-med-tre-sitsiga-svarta-inget-maerke","title":{"rendered":"L\u00e4dersoffa med tre sitsiga svarta (inget m\u00e4rke!)"},"content":{"rendered":"<p>L\u00e4der | Svart | Kromad ram | H: 68 cm | SH: 37 cm | B: 230 cm | D: 70 cm<\/p>\n<p>*Ingen m\u00e4rke | 3, 53842 Troisdorf, Tyskland* <\/p>\n","protected":false},"excerpt":{"rendered":"<p>L\u00e4der | Svart | Kromad ram | H: 68 cm | SH: 37 cm | B: 230 cm | D: 70 cm *Ingen m\u00e4rke | 3, 53842 Troisdorf, Tyskland*<\/p>\n","protected":false},"featured_media":13844,"template":"","meta":{"_acf_changed":false},"product_brand":[],"product_cat":[173],"product_tag":[],"class_list":{"0":"post-17750","1":"product","2":"type-product","3":"status-publish","4":"has-post-thumbnail","6":"product_cat-soffor","8":"first","9":"instock","10":"taxable","11":"shipping-taxable","12":"purchasable","13":"product-type-auction"},"acf":[],"_links":{"self":[{"href":"https:\/\/www.sebworld-auktionen.de\/sv\/wp-json\/wp\/v2\/product\/17750","targetHints":{"allow":["GET"]}}],"collection":[{"href":"https:\/\/www.sebworld-auktionen.de\/sv\/wp-json\/wp\/v2\/product"}],"about":[{"href":"https:\/\/www.sebworld-auktionen.de\/sv\/wp-json\/wp\/v2\/types\/product"}],"wp:featuredmedia":[{"embeddable":true,"href":"https:\/\/www.sebworld-auktionen.de\/sv\/wp-json\/wp\/v2\/media\/13844"}],"wp:attachment":[{"href":"https:\/\/www.sebworld-auktionen.de\/sv\/wp-json\/wp\/v2\/media?parent=17750"}],"wp:term":[{"taxonomy":"product_brand","embeddable":true,"href":"https:\/\/www.sebworld-auktionen.de\/sv\/wp-json\/wp\/v2\/product_brand?post=17750"},{"taxonomy":"product_cat","embeddable":true,"href":"https:\/\/www.sebworld-auktionen.de\/sv\/wp-json\/wp\/v2\/product_cat?post=17750"},{"taxonomy":"product_tag","embeddable":true,"href":"https:\/\/www.sebworld-auktionen.de\/sv\/wp-json\/wp\/v2\/product_tag?post=17750"}],"curies":[{"name":"wp","href":"https:\/\/api.w.org\/{rel}","templated":true}]}}