{"id":17950,"date":"2026-04-13T11:59:38","date_gmt":"2026-04-13T09:59:38","guid":{"rendered":"https:\/\/www.sebworld-auktionen.de\/produkt\/leitz-dokumentfoerstoerare-iq-autofeed-small-office-100-p5"},"modified":"2026-04-13T11:59:38","modified_gmt":"2026-04-13T09:59:38","slug":"leitz-dokumentfoerstoerare-iq-autofeed-small-office-100-p5","status":"publish","type":"product","link":"https:\/\/www.sebworld-auktionen.de\/sv\/lotterna\/leitz-dokumentfoerstoerare-iq-autofeed-small-office-100-p5","title":{"rendered":"Leitz Dokumentf\u00f6rst\u00f6rare IQ Autofeed Small Office 100 P5"},"content":{"rendered":"<p>IQ Autofeed Small Office 100 P5 | Ljusgr\u00e5 | Med str\u00f6mkabel | H: 53 cm | B: 36 cm | D: 40 cm<\/p>\n<p>*Funktionalitet inte garanterad | 3, 53842 Troisdorf* <\/p>\n","protected":false},"excerpt":{"rendered":"<p>IQ Autofeed Small Office 100 P5 | Ljusgr\u00e5 | Med str\u00f6mkabel | H: 53 cm | B: 36 cm | D: 40 cm *Funktionalitet inte garanterad | 3, 53842 Troisdorf*<\/p>\n","protected":false},"featured_media":13730,"template":"","meta":{"_acf_changed":false},"product_brand":[],"product_cat":[225],"product_tag":[],"class_list":{"0":"post-17950","1":"product","2":"type-product","3":"status-publish","4":"has-post-thumbnail","6":"product_cat-kontorsmaterial","8":"first","9":"instock","10":"taxable","11":"shipping-taxable","12":"purchasable","13":"product-type-auction"},"acf":[],"_links":{"self":[{"href":"https:\/\/www.sebworld-auktionen.de\/sv\/wp-json\/wp\/v2\/product\/17950","targetHints":{"allow":["GET"]}}],"collection":[{"href":"https:\/\/www.sebworld-auktionen.de\/sv\/wp-json\/wp\/v2\/product"}],"about":[{"href":"https:\/\/www.sebworld-auktionen.de\/sv\/wp-json\/wp\/v2\/types\/product"}],"wp:featuredmedia":[{"embeddable":true,"href":"https:\/\/www.sebworld-auktionen.de\/sv\/wp-json\/wp\/v2\/media\/13730"}],"wp:attachment":[{"href":"https:\/\/www.sebworld-auktionen.de\/sv\/wp-json\/wp\/v2\/media?parent=17950"}],"wp:term":[{"taxonomy":"product_brand","embeddable":true,"href":"https:\/\/www.sebworld-auktionen.de\/sv\/wp-json\/wp\/v2\/product_brand?post=17950"},{"taxonomy":"product_cat","embeddable":true,"href":"https:\/\/www.sebworld-auktionen.de\/sv\/wp-json\/wp\/v2\/product_cat?post=17950"},{"taxonomy":"product_tag","embeddable":true,"href":"https:\/\/www.sebworld-auktionen.de\/sv\/wp-json\/wp\/v2\/product_tag?post=17950"}],"curies":[{"name":"wp","href":"https:\/\/api.w.org\/{rel}","templated":true}]}}