{"id":18117,"date":"2026-04-20T08:30:37","date_gmt":"2026-04-20T06:30:37","guid":{"rendered":"https:\/\/www.sebworld-auktionen.de\/produkt\/usm-haller-skrivbordet-2"},"modified":"2026-04-20T08:30:37","modified_gmt":"2026-04-20T06:30:37","slug":"usm-haller-skrivbordet-2","status":"publish","type":"product","link":"https:\/\/www.sebworld-auktionen.de\/sv\/lotterna\/usm-haller-skrivbordet-2","title":{"rendered":"USM Haller-skrivbordet"},"content":{"rendered":"<p>2:a generationen | Ljusgr\u00e5 RAL 7035 | inkl. skrivbordsskiva p\u00e4rlgr\u00e5 | 2x l\u00e5da | H: 74 cm | B: 104 cm | D: 54 cm <\/p>\n","protected":false},"excerpt":{"rendered":"<p>2:a generationen | Ljusgr\u00e5 RAL 7035 | inkl. skrivbordsskiva p\u00e4rlgr\u00e5 | 2x l\u00e5da | H: 74 cm | B: 104 cm | D: 54 cm<\/p>\n","protected":false},"featured_media":14640,"template":"","meta":{"_acf_changed":false},"product_brand":[],"product_cat":[232],"product_tag":[],"class_list":{"0":"post-18117","1":"product","2":"type-product","3":"status-publish","4":"has-post-thumbnail","6":"product_cat-skrivbord","8":"first","9":"instock","10":"taxable","11":"shipping-taxable","12":"purchasable","13":"product-type-auction"},"acf":[],"_links":{"self":[{"href":"https:\/\/www.sebworld-auktionen.de\/sv\/wp-json\/wp\/v2\/product\/18117","targetHints":{"allow":["GET"]}}],"collection":[{"href":"https:\/\/www.sebworld-auktionen.de\/sv\/wp-json\/wp\/v2\/product"}],"about":[{"href":"https:\/\/www.sebworld-auktionen.de\/sv\/wp-json\/wp\/v2\/types\/product"}],"wp:featuredmedia":[{"embeddable":true,"href":"https:\/\/www.sebworld-auktionen.de\/sv\/wp-json\/wp\/v2\/media\/14640"}],"wp:attachment":[{"href":"https:\/\/www.sebworld-auktionen.de\/sv\/wp-json\/wp\/v2\/media?parent=18117"}],"wp:term":[{"taxonomy":"product_brand","embeddable":true,"href":"https:\/\/www.sebworld-auktionen.de\/sv\/wp-json\/wp\/v2\/product_brand?post=18117"},{"taxonomy":"product_cat","embeddable":true,"href":"https:\/\/www.sebworld-auktionen.de\/sv\/wp-json\/wp\/v2\/product_cat?post=18117"},{"taxonomy":"product_tag","embeddable":true,"href":"https:\/\/www.sebworld-auktionen.de\/sv\/wp-json\/wp\/v2\/product_tag?post=18117"}],"curies":[{"name":"wp","href":"https:\/\/api.w.org\/{rel}","templated":true}]}}