{"id":18235,"date":"2026-04-20T08:15:39","date_gmt":"2026-04-20T06:15:39","guid":{"rendered":"https:\/\/www.sebworld-auktionen.de\/produkt\/usm-haller-bar-disk-utstaellningsstaand"},"modified":"2026-04-27T18:04:34","modified_gmt":"2026-04-27T16:04:34","slug":"usm-haller-bar-disk-utstaellningsstaand","status":"publish","type":"product","link":"https:\/\/www.sebworld-auktionen.de\/sv\/lotterna\/usm-haller-bar-disk-utstaellningsstaand","title":{"rendered":"USM Haller Bar \/ Disk \/ Utst\u00e4llningsst\u00e5nd"},"content":{"rendered":"<p>3:e generationen | Helt vit RAL 9010 | upph\u00f6jd \u00f6verbyggnad med integrerade lysdioder (7x) | H: 234 cm | V: ca 330 cm | D: ca 195 cm | D (fack): 35 cm<br \/>\nVikt: ca 300 kg<\/p>\n","protected":false},"excerpt":{"rendered":"<p>3:e generationen | Helt vit RAL 9010 | upph\u00f6jd \u00f6verbyggnad med integrerade lysdioder (7x) | H: 234 cm | V: ca 330 cm | D: ca 195 cm | D (fack): 35 cm Vikt: ca 300 kg<\/p>\n","protected":false},"featured_media":14617,"template":"","meta":{"_acf_changed":false},"product_brand":[],"product_cat":[257],"product_tag":[],"class_list":{"0":"post-18235","1":"product","2":"type-product","3":"status-publish","4":"has-post-thumbnail","6":"product_cat-raeknare","8":"first","9":"instock","10":"taxable","11":"shipping-taxable","12":"purchasable","13":"product-type-auction"},"acf":[],"_links":{"self":[{"href":"https:\/\/www.sebworld-auktionen.de\/sv\/wp-json\/wp\/v2\/product\/18235","targetHints":{"allow":["GET"]}}],"collection":[{"href":"https:\/\/www.sebworld-auktionen.de\/sv\/wp-json\/wp\/v2\/product"}],"about":[{"href":"https:\/\/www.sebworld-auktionen.de\/sv\/wp-json\/wp\/v2\/types\/product"}],"wp:featuredmedia":[{"embeddable":true,"href":"https:\/\/www.sebworld-auktionen.de\/sv\/wp-json\/wp\/v2\/media\/14617"}],"wp:attachment":[{"href":"https:\/\/www.sebworld-auktionen.de\/sv\/wp-json\/wp\/v2\/media?parent=18235"}],"wp:term":[{"taxonomy":"product_brand","embeddable":true,"href":"https:\/\/www.sebworld-auktionen.de\/sv\/wp-json\/wp\/v2\/product_brand?post=18235"},{"taxonomy":"product_cat","embeddable":true,"href":"https:\/\/www.sebworld-auktionen.de\/sv\/wp-json\/wp\/v2\/product_cat?post=18235"},{"taxonomy":"product_tag","embeddable":true,"href":"https:\/\/www.sebworld-auktionen.de\/sv\/wp-json\/wp\/v2\/product_tag?post=18235"}],"curies":[{"name":"wp","href":"https:\/\/api.w.org\/{rel}","templated":true}]}}