{"id":18320,"date":"2026-04-17T08:25:54","date_gmt":"2026-04-17T06:25:54","guid":{"rendered":"https:\/\/www.sebworld-auktionen.de\/produkt\/artemide-tolomeo-tavolo-aluminium"},"modified":"2026-04-27T18:04:41","modified_gmt":"2026-04-27T16:04:41","slug":"artemide-tolomeo-tavolo-aluminium","status":"publish","type":"product","link":"https:\/\/www.sebworld-auktionen.de\/sv\/lotterna\/artemide-tolomeo-tavolo-aluminium","title":{"rendered":"Artemide Tolomeo Tavolo Aluminium"},"content":{"rendered":"<div class=\"is-open wp-block-woocommerce-accordion-item is-layout-flow wp-block-woocommerce-accordion-item-is-layout-flow\" data-block-name=\"woocommerce\/accordion-item\" data-open-by-default=\"true\" data-wp-class--is-open=\"state.isOpen\" data-wp-context=\"{\"id\":\"woocommerce-accordion-item-6\",\"openByDefault\":true}\" data-wp-init=\"callbacks.initIsOpen\">\n<div id=\"woocommerce-accordion-item-6-panel\" class=\"wp-block-woocommerce-accordion-panel\" role=\"region\" aria-labelledby=\"woocommerce-accordion-item-6\" data-wp-bind--inert=\"!state.isOpen\" data-block-name=\"woocommerce\/accordion-panel\">\n<div class=\"accordion-content__wrapper is-layout-flow wp-block-woocommerce-accordion-panel-is-layout-flow\">\n<div class=\"wc-block-product-description wp-block-woocommerce-product-description is-layout-flow wp-block-woocommerce-product-description-is-layout-flow\" data-block-name=\"woocommerce\/product-description\">\n<p>Aluminiumram med tv\u00e5 skarvar | Lamphuvud justerbart | 1 lampa | Knappbrytare med 2 niv\u00e5er | EU-kontakt | H: 64-129 cm | \u00d8 fot: 23 cm | \u00d8 sk\u00e4rm: 15 cm<\/p>\n<p>Funktionell vid katalogisering | Ingen funktionell garanti ges.<\/p>\n<\/div>\n<\/div>\n<\/div>\n<\/div>\n","protected":false},"excerpt":{"rendered":"<p>Aluminiumram med tv\u00e5 skarvar | Lamphuvud justerbart | 1 lampa | Knappbrytare med 2 niv\u00e5er | EU-kontakt | H: 64-129 cm | \u00d8 fot: 23 cm | \u00d8 sk\u00e4rm: 15 cm Funktionell vid katalogisering | Ingen funktionell garanti ges.<\/p>\n","protected":false},"featured_media":14349,"template":"","meta":{"_acf_changed":false},"product_brand":[],"product_cat":[262,263],"product_tag":[],"class_list":{"0":"post-18320","1":"product","2":"type-product","3":"status-publish","4":"has-post-thumbnail","6":"product_cat-lampor","7":"product_cat-bordslampor","9":"first","10":"instock","11":"taxable","12":"shipping-taxable","13":"purchasable","14":"product-type-auction"},"acf":[],"_links":{"self":[{"href":"https:\/\/www.sebworld-auktionen.de\/sv\/wp-json\/wp\/v2\/product\/18320","targetHints":{"allow":["GET"]}}],"collection":[{"href":"https:\/\/www.sebworld-auktionen.de\/sv\/wp-json\/wp\/v2\/product"}],"about":[{"href":"https:\/\/www.sebworld-auktionen.de\/sv\/wp-json\/wp\/v2\/types\/product"}],"wp:featuredmedia":[{"embeddable":true,"href":"https:\/\/www.sebworld-auktionen.de\/sv\/wp-json\/wp\/v2\/media\/14349"}],"wp:attachment":[{"href":"https:\/\/www.sebworld-auktionen.de\/sv\/wp-json\/wp\/v2\/media?parent=18320"}],"wp:term":[{"taxonomy":"product_brand","embeddable":true,"href":"https:\/\/www.sebworld-auktionen.de\/sv\/wp-json\/wp\/v2\/product_brand?post=18320"},{"taxonomy":"product_cat","embeddable":true,"href":"https:\/\/www.sebworld-auktionen.de\/sv\/wp-json\/wp\/v2\/product_cat?post=18320"},{"taxonomy":"product_tag","embeddable":true,"href":"https:\/\/www.sebworld-auktionen.de\/sv\/wp-json\/wp\/v2\/product_tag?post=18320"}],"curies":[{"name":"wp","href":"https:\/\/api.w.org\/{rel}","templated":true}]}}