{"id":18321,"date":"2026-04-17T08:22:29","date_gmt":"2026-04-17T06:22:29","guid":{"rendered":"https:\/\/www.sebworld-auktionen.de\/produkt\/artemide-tolomeo-tavolo-aluminium-2"},"modified":"2026-04-27T18:04:46","modified_gmt":"2026-04-27T16:04:46","slug":"artemide-tolomeo-tavolo-aluminium-2","status":"publish","type":"product","link":"https:\/\/www.sebworld-auktionen.de\/sv\/lotterna\/artemide-tolomeo-tavolo-aluminium-2","title":{"rendered":"Artemide Tolomeo Tavolo Aluminium"},"content":{"rendered":"<p>Aluminiumram med tv\u00e5 skarvar | Lamphuvud justerbart | 1 lampa | Knappbrytare med 2 niv\u00e5er | EU-kontakt | H: 64-129 cm | \u00d8 fot: 23 cm | \u00d8 sk\u00e4rm: 15 cm<\/p>\n<p>Funktionell vid katalogisering | Ingen funktionell garanti ges.<\/p>\n","protected":false},"excerpt":{"rendered":"<p>Aluminiumram med tv\u00e5 skarvar | Lamphuvud justerbart | 1 lampa | Knappbrytare med 2 niv\u00e5er | EU-kontakt | H: 64-129 cm | \u00d8 fot: 23 cm | \u00d8 sk\u00e4rm: 15 cm Funktionell vid katalogisering | Ingen funktionell garanti ges.<\/p>\n","protected":false},"featured_media":14341,"template":"","meta":{"_acf_changed":false},"product_brand":[],"product_cat":[262,263],"product_tag":[],"class_list":{"0":"post-18321","1":"product","2":"type-product","3":"status-publish","4":"has-post-thumbnail","6":"product_cat-lampor","7":"product_cat-bordslampor","9":"first","10":"instock","11":"taxable","12":"shipping-taxable","13":"purchasable","14":"product-type-auction"},"acf":[],"_links":{"self":[{"href":"https:\/\/www.sebworld-auktionen.de\/sv\/wp-json\/wp\/v2\/product\/18321","targetHints":{"allow":["GET"]}}],"collection":[{"href":"https:\/\/www.sebworld-auktionen.de\/sv\/wp-json\/wp\/v2\/product"}],"about":[{"href":"https:\/\/www.sebworld-auktionen.de\/sv\/wp-json\/wp\/v2\/types\/product"}],"wp:featuredmedia":[{"embeddable":true,"href":"https:\/\/www.sebworld-auktionen.de\/sv\/wp-json\/wp\/v2\/media\/14341"}],"wp:attachment":[{"href":"https:\/\/www.sebworld-auktionen.de\/sv\/wp-json\/wp\/v2\/media?parent=18321"}],"wp:term":[{"taxonomy":"product_brand","embeddable":true,"href":"https:\/\/www.sebworld-auktionen.de\/sv\/wp-json\/wp\/v2\/product_brand?post=18321"},{"taxonomy":"product_cat","embeddable":true,"href":"https:\/\/www.sebworld-auktionen.de\/sv\/wp-json\/wp\/v2\/product_cat?post=18321"},{"taxonomy":"product_tag","embeddable":true,"href":"https:\/\/www.sebworld-auktionen.de\/sv\/wp-json\/wp\/v2\/product_tag?post=18321"}],"curies":[{"name":"wp","href":"https:\/\/api.w.org\/{rel}","templated":true}]}}