{"id":18568,"date":"2026-04-16T15:27:45","date_gmt":"2026-04-16T13:27:45","guid":{"rendered":"https:\/\/www.sebworld-auktionen.de\/produkt\/3x-vitra-ea-105-net-grey-walter-knoll-sidobord"},"modified":"2026-04-27T18:05:05","modified_gmt":"2026-04-27T16:05:05","slug":"3x-vitra-ea-105-net-grey-walter-knoll-sidobord","status":"publish","type":"product","link":"https:\/\/www.sebworld-auktionen.de\/sv\/lotterna\/3x-vitra-ea-105-net-grey-walter-knoll-sidobord","title":{"rendered":"3x Vitra EA 105 Net Grey \/ Walter Knoll Sidobord"},"content":{"rendered":"<p>Stolar: N\u00e4t | Gr\u00e5 | Krompl\u00e4terad ram | Sv\u00e4ngbar | H: 83 cm | B: 53 cm | D: 59 cm<br \/>\nBord: Klart glas | Polerad aluminiumram | H: 51 cm \u00d8: 80 cm<\/p>\n","protected":false},"excerpt":{"rendered":"<p>Stolar: N\u00e4t | Gr\u00e5 | Krompl\u00e4terad ram | Sv\u00e4ngbar | H: 83 cm | B: 53 cm | D: 59 cm Bord: Klart glas | Polerad aluminiumram | H: 51 cm \u00d8: 80 cm<\/p>\n","protected":false},"featured_media":14257,"template":"","meta":{"_acf_changed":false},"product_brand":[],"product_cat":[221],"product_tag":[],"class_list":{"0":"post-18568","1":"product","2":"type-product","3":"status-publish","4":"has-post-thumbnail","6":"product_cat-uppsaettningar","8":"first","9":"instock","10":"taxable","11":"shipping-taxable","12":"purchasable","13":"product-type-auction"},"acf":[],"_links":{"self":[{"href":"https:\/\/www.sebworld-auktionen.de\/sv\/wp-json\/wp\/v2\/product\/18568","targetHints":{"allow":["GET"]}}],"collection":[{"href":"https:\/\/www.sebworld-auktionen.de\/sv\/wp-json\/wp\/v2\/product"}],"about":[{"href":"https:\/\/www.sebworld-auktionen.de\/sv\/wp-json\/wp\/v2\/types\/product"}],"wp:featuredmedia":[{"embeddable":true,"href":"https:\/\/www.sebworld-auktionen.de\/sv\/wp-json\/wp\/v2\/media\/14257"}],"wp:attachment":[{"href":"https:\/\/www.sebworld-auktionen.de\/sv\/wp-json\/wp\/v2\/media?parent=18568"}],"wp:term":[{"taxonomy":"product_brand","embeddable":true,"href":"https:\/\/www.sebworld-auktionen.de\/sv\/wp-json\/wp\/v2\/product_brand?post=18568"},{"taxonomy":"product_cat","embeddable":true,"href":"https:\/\/www.sebworld-auktionen.de\/sv\/wp-json\/wp\/v2\/product_cat?post=18568"},{"taxonomy":"product_tag","embeddable":true,"href":"https:\/\/www.sebworld-auktionen.de\/sv\/wp-json\/wp\/v2\/product_tag?post=18568"}],"curies":[{"name":"wp","href":"https:\/\/api.w.org\/{rel}","templated":true}]}}