{"id":18723,"date":"2026-04-15T08:28:10","date_gmt":"2026-04-15T06:28:10","guid":{"rendered":"https:\/\/www.sebworld-auktionen.de\/produkt\/lista-work-lounge-coworking-space-tygbeige"},"modified":"2026-04-15T08:28:10","modified_gmt":"2026-04-15T06:28:10","slug":"lista-work-lounge-coworking-space-tygbeige","status":"publish","type":"product","link":"https:\/\/www.sebworld-auktionen.de\/sv\/lotterna\/lista-work-lounge-coworking-space-tygbeige","title":{"rendered":"Lista Work Lounge \/ Coworking Space Tygbeige"},"content":{"rendered":"<p>Ram i metall vit | H: 151 cm | L: 240 cm | B: 160 cm<\/p>\n<p>* Bilderna \u00e4r exemplariska, alla Lista Work Lounge \u00e4r identiska | Visning och upph\u00e4mtning: Marie-Curie-Stra\u00dfe 5, 53757 Sankt Augustin*<\/p>\n","protected":false},"excerpt":{"rendered":"<p>Ram i metall vit | H: 151 cm | L: 240 cm | B: 160 cm * Bilderna \u00e4r exemplariska, alla Lista Work Lounge \u00e4r identiska | Visning och upph\u00e4mtning: Marie-Curie-Stra\u00dfe 5, 53757 Sankt Augustin*<\/p>\n","protected":false},"featured_media":9120,"template":"","meta":{"_acf_changed":false},"product_brand":[],"product_cat":[204],"product_tag":[],"class_list":{"0":"post-18723","1":"product","2":"type-product","3":"status-publish","4":"has-post-thumbnail","6":"product_cat-oevrigt","8":"first","9":"outofstock","10":"taxable","11":"shipping-taxable","12":"purchasable","13":"product-type-auction"},"acf":[],"_links":{"self":[{"href":"https:\/\/www.sebworld-auktionen.de\/sv\/wp-json\/wp\/v2\/product\/18723","targetHints":{"allow":["GET"]}}],"collection":[{"href":"https:\/\/www.sebworld-auktionen.de\/sv\/wp-json\/wp\/v2\/product"}],"about":[{"href":"https:\/\/www.sebworld-auktionen.de\/sv\/wp-json\/wp\/v2\/types\/product"}],"wp:featuredmedia":[{"embeddable":true,"href":"https:\/\/www.sebworld-auktionen.de\/sv\/wp-json\/wp\/v2\/media\/9120"}],"wp:attachment":[{"href":"https:\/\/www.sebworld-auktionen.de\/sv\/wp-json\/wp\/v2\/media?parent=18723"}],"wp:term":[{"taxonomy":"product_brand","embeddable":true,"href":"https:\/\/www.sebworld-auktionen.de\/sv\/wp-json\/wp\/v2\/product_brand?post=18723"},{"taxonomy":"product_cat","embeddable":true,"href":"https:\/\/www.sebworld-auktionen.de\/sv\/wp-json\/wp\/v2\/product_cat?post=18723"},{"taxonomy":"product_tag","embeddable":true,"href":"https:\/\/www.sebworld-auktionen.de\/sv\/wp-json\/wp\/v2\/product_tag?post=18723"}],"curies":[{"name":"wp","href":"https:\/\/api.w.org\/{rel}","templated":true}]}}