{"id":18862,"date":"2026-04-27T14:01:23","date_gmt":"2026-04-27T12:01:23","guid":{"rendered":"https:\/\/www.sebworld-auktionen.de\/produkt\/bosse-sideboard-resin-vitt-groent"},"modified":"2026-04-27T14:01:23","modified_gmt":"2026-04-27T12:01:23","slug":"bosse-sideboard-resin-vitt-groent","status":"publish","type":"product","link":"https:\/\/www.sebworld-auktionen.de\/sv\/lotterna\/bosse-sideboard-resin-vitt-groent","title":{"rendered":"Bosse Sideboard Resin Vitt \/ Gr\u00f6nt"},"content":{"rendered":"<p>Syntetisk harts | Vit \/ Gr\u00f6n | 2x sido\u00f6ppningsd\u00f6rr | 4x mellanliggande hylla | H: 130 cm | W: 160 cm | D: 44 cm<\/p>\n","protected":false},"excerpt":{"rendered":"<p>Syntetisk harts | Vit \/ Gr\u00f6n | 2x sido\u00f6ppningsd\u00f6rr | 4x mellanliggande hylla | H: 130 cm | W: 160 cm | D: 44 cm<\/p>\n","protected":false},"featured_media":15474,"template":"","meta":{"_acf_changed":false},"product_brand":[],"product_cat":[229],"product_tag":[],"class_list":{"0":"post-18862","1":"product","2":"type-product","3":"status-publish","4":"has-post-thumbnail","6":"product_cat-skaap","8":"first","9":"instock","10":"taxable","11":"shipping-taxable","12":"purchasable","13":"product-type-auction"},"acf":[],"_links":{"self":[{"href":"https:\/\/www.sebworld-auktionen.de\/sv\/wp-json\/wp\/v2\/product\/18862","targetHints":{"allow":["GET"]}}],"collection":[{"href":"https:\/\/www.sebworld-auktionen.de\/sv\/wp-json\/wp\/v2\/product"}],"about":[{"href":"https:\/\/www.sebworld-auktionen.de\/sv\/wp-json\/wp\/v2\/types\/product"}],"wp:featuredmedia":[{"embeddable":true,"href":"https:\/\/www.sebworld-auktionen.de\/sv\/wp-json\/wp\/v2\/media\/15474"}],"wp:attachment":[{"href":"https:\/\/www.sebworld-auktionen.de\/sv\/wp-json\/wp\/v2\/media?parent=18862"}],"wp:term":[{"taxonomy":"product_brand","embeddable":true,"href":"https:\/\/www.sebworld-auktionen.de\/sv\/wp-json\/wp\/v2\/product_brand?post=18862"},{"taxonomy":"product_cat","embeddable":true,"href":"https:\/\/www.sebworld-auktionen.de\/sv\/wp-json\/wp\/v2\/product_cat?post=18862"},{"taxonomy":"product_tag","embeddable":true,"href":"https:\/\/www.sebworld-auktionen.de\/sv\/wp-json\/wp\/v2\/product_tag?post=18862"}],"curies":[{"name":"wp","href":"https:\/\/api.w.org\/{rel}","templated":true}]}}