{"id":18915,"date":"2026-04-17T08:31:09","date_gmt":"2026-04-17T06:31:09","guid":{"rendered":"https:\/\/www.sebworld-auktionen.de\/produkt\/wittmann-kubus-laederkonjak"},"modified":"2026-04-17T08:31:09","modified_gmt":"2026-04-17T06:31:09","slug":"wittmann-kubus-laederkonjak","status":"publish","type":"product","link":"https:\/\/www.sebworld-auktionen.de\/sv\/lotterna\/wittmann-kubus-laederkonjak","title":{"rendered":"Wittmann Kubus l\u00e4derkonjak"},"content":{"rendered":"<p>L\u00e4der | Konjak | Ram Tr\u00e4 | H: 72 cm | SH: 43 cm | V: 90 cm | D: 75 cm<\/p>\n","protected":false},"excerpt":{"rendered":"<p>L\u00e4der | Konjak | Ram Tr\u00e4 | H: 72 cm | SH: 43 cm | V: 90 cm | D: 75 cm<\/p>\n","protected":false},"featured_media":14357,"template":"","meta":{"_acf_changed":false},"product_brand":[],"product_cat":[180],"product_tag":[],"class_list":{"0":"post-18915","1":"product","2":"type-product","3":"status-publish","4":"has-post-thumbnail","6":"product_cat-faatoelj","8":"first","9":"instock","10":"taxable","11":"shipping-taxable","12":"purchasable","13":"product-type-auction"},"acf":[],"_links":{"self":[{"href":"https:\/\/www.sebworld-auktionen.de\/sv\/wp-json\/wp\/v2\/product\/18915","targetHints":{"allow":["GET"]}}],"collection":[{"href":"https:\/\/www.sebworld-auktionen.de\/sv\/wp-json\/wp\/v2\/product"}],"about":[{"href":"https:\/\/www.sebworld-auktionen.de\/sv\/wp-json\/wp\/v2\/types\/product"}],"wp:featuredmedia":[{"embeddable":true,"href":"https:\/\/www.sebworld-auktionen.de\/sv\/wp-json\/wp\/v2\/media\/14357"}],"wp:attachment":[{"href":"https:\/\/www.sebworld-auktionen.de\/sv\/wp-json\/wp\/v2\/media?parent=18915"}],"wp:term":[{"taxonomy":"product_brand","embeddable":true,"href":"https:\/\/www.sebworld-auktionen.de\/sv\/wp-json\/wp\/v2\/product_brand?post=18915"},{"taxonomy":"product_cat","embeddable":true,"href":"https:\/\/www.sebworld-auktionen.de\/sv\/wp-json\/wp\/v2\/product_cat?post=18915"},{"taxonomy":"product_tag","embeddable":true,"href":"https:\/\/www.sebworld-auktionen.de\/sv\/wp-json\/wp\/v2\/product_tag?post=18915"}],"curies":[{"name":"wp","href":"https:\/\/api.w.org\/{rel}","templated":true}]}}