{"id":19050,"date":"2026-04-15T09:53:17","date_gmt":"2026-04-15T07:53:17","guid":{"rendered":"https:\/\/www.sebworld-auktionen.de\/produkt\/arbetsstation-gjord-av-kn-elektrisk-hoehenv-skrivbord-inwerk-kontorsstol-walter-knoll-mobil-container"},"modified":"2026-04-15T09:53:17","modified_gmt":"2026-04-15T07:53:17","slug":"arbetsstation-gjord-av-kn-elektrisk-hoehenv-skrivbord-inwerk-kontorsstol-walter-knoll-mobil-container","status":"publish","type":"product","link":"https:\/\/www.sebworld-auktionen.de\/sv\/lotterna\/arbetsstation-gjord-av-kn-elektrisk-hoehenv-skrivbord-inwerk-kontorsstol-walter-knoll-mobil-container","title":{"rendered":"Arbetsstation gjord av K&amp;N elektrisk. H\u00f6henv. Skrivbord + Inwerk kontorsstol + Walter Knoll mobil container"},"content":{"rendered":"<p>Skrivbord: K\u00f6nig + Neurath | TALO. S elektrisk, h\u00f6jdjusterbar | Syntetisk harts | Vit | med kabelbricka och 2x kabeluttag | H: 68 &#8211; 118 cm | B: 160 cm | D: 80 cm<br \/>\nStol: Inwerk | Strategio | Tyg \/ N\u00e4t | Svart | Ram Vitt Metall | H\u00f6jd och djup | med arret. Vippfunktion | H: 109-131,5 cm | V: 71 cm | D: 55-60 cm<br \/>\nMobil beh\u00e5llare: Walter Knoll | Metall | Vit | 2x l\u00e5dor | Mjuk st\u00e4ngning | H: 52,5 cm | W: 40,5 cm | D: 56 cm  <\/p>\n<p>*Bilderna \u00e4r exemplariska, alla set \u00e4r identiska | Visning &amp; Upph\u00e4mtning: Marie-Curie-Stra\u00dfe 5, 53757 Sankt Augustin*<\/p>\n","protected":false},"excerpt":{"rendered":"<p>Skrivbord: K\u00f6nig + Neurath | TALO. S elektrisk, h\u00f6jdjusterbar | Syntetisk harts | Vit | med kabelbricka och 2x kabeluttag | H: 68 &#8211; 118 cm | B: 160 cm | D: 80 cm Stol: Inwerk | Strategio | Tyg \/ N\u00e4t | Svart | Ram Vitt Metall | H\u00f6jd och djup | med arret. [&hellip;]<\/p>\n","protected":false},"featured_media":13968,"template":"","meta":{"_acf_changed":false},"product_brand":[],"product_cat":[221],"product_tag":[],"class_list":{"0":"post-19050","1":"product","2":"type-product","3":"status-publish","4":"has-post-thumbnail","6":"product_cat-uppsaettningar","8":"first","9":"outofstock","10":"taxable","11":"shipping-taxable","12":"purchasable","13":"product-type-auction"},"acf":[],"_links":{"self":[{"href":"https:\/\/www.sebworld-auktionen.de\/sv\/wp-json\/wp\/v2\/product\/19050","targetHints":{"allow":["GET"]}}],"collection":[{"href":"https:\/\/www.sebworld-auktionen.de\/sv\/wp-json\/wp\/v2\/product"}],"about":[{"href":"https:\/\/www.sebworld-auktionen.de\/sv\/wp-json\/wp\/v2\/types\/product"}],"wp:featuredmedia":[{"embeddable":true,"href":"https:\/\/www.sebworld-auktionen.de\/sv\/wp-json\/wp\/v2\/media\/13968"}],"wp:attachment":[{"href":"https:\/\/www.sebworld-auktionen.de\/sv\/wp-json\/wp\/v2\/media?parent=19050"}],"wp:term":[{"taxonomy":"product_brand","embeddable":true,"href":"https:\/\/www.sebworld-auktionen.de\/sv\/wp-json\/wp\/v2\/product_brand?post=19050"},{"taxonomy":"product_cat","embeddable":true,"href":"https:\/\/www.sebworld-auktionen.de\/sv\/wp-json\/wp\/v2\/product_cat?post=19050"},{"taxonomy":"product_tag","embeddable":true,"href":"https:\/\/www.sebworld-auktionen.de\/sv\/wp-json\/wp\/v2\/product_tag?post=19050"}],"curies":[{"name":"wp","href":"https:\/\/api.w.org\/{rel}","templated":true}]}}