{"id":19109,"date":"2026-04-15T08:43:32","date_gmt":"2026-04-15T06:43:32","guid":{"rendered":"https:\/\/www.sebworld-auktionen.de\/produkt\/brevlaada-mdf-white-traeutseende"},"modified":"2026-04-27T18:06:07","modified_gmt":"2026-04-27T16:06:07","slug":"brevlaada-mdf-white-traeutseende","status":"publish","type":"product","link":"https:\/\/www.sebworld-auktionen.de\/sv\/lotterna\/brevlaada-mdf-white-traeutseende","title":{"rendered":"Brevl\u00e5da MDF White \/ tr\u00e4utseende"},"content":{"rendered":"<p>Ram MDF vit \/ tr\u00e4utseende faner | 24 posthyllor | H\u00f6ger 1 sk\u00e5p med 4 hyllor | H: 186 cm | B: 105 m | D: 43 cm<\/p>\n<p>* Inspektion &amp; h\u00e4mtning: Marie-Curie-Stra\u00dfe 5, 53757 Sankt Augustin*<\/p>\n","protected":false},"excerpt":{"rendered":"<p>Ram MDF vit \/ tr\u00e4utseende faner | 24 posthyllor | H\u00f6ger 1 sk\u00e5p med 4 hyllor | H: 186 cm | B: 105 m | D: 43 cm * Inspektion &amp; h\u00e4mtning: Marie-Curie-Stra\u00dfe 5, 53757 Sankt Augustin*<\/p>\n","protected":false},"featured_media":8539,"template":"","meta":{"_acf_changed":false},"product_brand":[],"product_cat":[139],"product_tag":[],"class_list":{"0":"post-19109","1":"product","2":"type-product","3":"status-publish","4":"has-post-thumbnail","6":"product_cat-okategoriserad","8":"first","9":"outofstock","10":"taxable","11":"shipping-taxable","12":"purchasable","13":"product-type-auction"},"acf":[],"_links":{"self":[{"href":"https:\/\/www.sebworld-auktionen.de\/sv\/wp-json\/wp\/v2\/product\/19109","targetHints":{"allow":["GET"]}}],"collection":[{"href":"https:\/\/www.sebworld-auktionen.de\/sv\/wp-json\/wp\/v2\/product"}],"about":[{"href":"https:\/\/www.sebworld-auktionen.de\/sv\/wp-json\/wp\/v2\/types\/product"}],"wp:featuredmedia":[{"embeddable":true,"href":"https:\/\/www.sebworld-auktionen.de\/sv\/wp-json\/wp\/v2\/media\/8539"}],"wp:attachment":[{"href":"https:\/\/www.sebworld-auktionen.de\/sv\/wp-json\/wp\/v2\/media?parent=19109"}],"wp:term":[{"taxonomy":"product_brand","embeddable":true,"href":"https:\/\/www.sebworld-auktionen.de\/sv\/wp-json\/wp\/v2\/product_brand?post=19109"},{"taxonomy":"product_cat","embeddable":true,"href":"https:\/\/www.sebworld-auktionen.de\/sv\/wp-json\/wp\/v2\/product_cat?post=19109"},{"taxonomy":"product_tag","embeddable":true,"href":"https:\/\/www.sebworld-auktionen.de\/sv\/wp-json\/wp\/v2\/product_tag?post=19109"}],"curies":[{"name":"wp","href":"https:\/\/api.w.org\/{rel}","templated":true}]}}