{"id":19182,"date":"2026-04-15T08:39:21","date_gmt":"2026-04-15T06:39:21","guid":{"rendered":"https:\/\/www.sebworld-auktionen.de\/produkt\/karl-andersson-soener-sidobord-fasning-traegraa-2"},"modified":"2026-04-15T08:39:21","modified_gmt":"2026-04-15T06:39:21","slug":"karl-andersson-soener-sidobord-fasning-traegraa-2","status":"publish","type":"product","link":"https:\/\/www.sebworld-auktionen.de\/sv\/lotterna\/karl-andersson-soener-sidobord-fasning-traegraa-2","title":{"rendered":"Karl Andersson &amp; S\u00f6ner Sidobord Fasning Tr\u00e4gr\u00e5"},"content":{"rendered":"<p>Gr\u00e5lackerad ram | H: 53 cm | B: 123 cm | D: 55 cm<\/p>\n<p>* Bilderna \u00e4r exemplariska, alla Karl Andersson &amp; S\u00f6ners sidobord \u00e4r identiska i konstruktion | Visning och upph\u00e4mtning: Marie-Curie-Stra\u00dfe 5, 53757 Sankt Augustin*<\/p>\n","protected":false},"excerpt":{"rendered":"<p>Gr\u00e5lackerad ram | H: 53 cm | B: 123 cm | D: 55 cm * Bilderna \u00e4r exemplariska, alla Karl Andersson &amp; S\u00f6ners sidobord \u00e4r identiska i konstruktion | Visning och upph\u00e4mtning: Marie-Curie-Stra\u00dfe 5, 53757 Sankt Augustin*<\/p>\n","protected":false},"featured_media":8555,"template":"","meta":{"_acf_changed":false},"product_brand":[],"product_cat":[236],"product_tag":[],"class_list":{"0":"post-19182","1":"product","2":"type-product","3":"status-publish","4":"has-post-thumbnail","6":"product_cat-tabeller","8":"first","9":"instock","10":"taxable","11":"shipping-taxable","12":"purchasable","13":"product-type-auction"},"acf":[],"_links":{"self":[{"href":"https:\/\/www.sebworld-auktionen.de\/sv\/wp-json\/wp\/v2\/product\/19182","targetHints":{"allow":["GET"]}}],"collection":[{"href":"https:\/\/www.sebworld-auktionen.de\/sv\/wp-json\/wp\/v2\/product"}],"about":[{"href":"https:\/\/www.sebworld-auktionen.de\/sv\/wp-json\/wp\/v2\/types\/product"}],"wp:featuredmedia":[{"embeddable":true,"href":"https:\/\/www.sebworld-auktionen.de\/sv\/wp-json\/wp\/v2\/media\/8555"}],"wp:attachment":[{"href":"https:\/\/www.sebworld-auktionen.de\/sv\/wp-json\/wp\/v2\/media?parent=19182"}],"wp:term":[{"taxonomy":"product_brand","embeddable":true,"href":"https:\/\/www.sebworld-auktionen.de\/sv\/wp-json\/wp\/v2\/product_brand?post=19182"},{"taxonomy":"product_cat","embeddable":true,"href":"https:\/\/www.sebworld-auktionen.de\/sv\/wp-json\/wp\/v2\/product_cat?post=19182"},{"taxonomy":"product_tag","embeddable":true,"href":"https:\/\/www.sebworld-auktionen.de\/sv\/wp-json\/wp\/v2\/product_tag?post=19182"}],"curies":[{"name":"wp","href":"https:\/\/api.w.org\/{rel}","templated":true}]}}