{"id":19364,"date":"2026-04-14T10:00:15","date_gmt":"2026-04-14T08:00:15","guid":{"rendered":"https:\/\/www.sebworld-auktionen.de\/produkt\/actona-visitor-chair-dima-plastic-white"},"modified":"2026-04-14T10:00:15","modified_gmt":"2026-04-14T08:00:15","slug":"actona-visitor-chair-dima-plastic-white","status":"publish","type":"product","link":"https:\/\/www.sebworld-auktionen.de\/sv\/lotterna\/actona-visitor-chair-dima-plastic-white","title":{"rendered":"Actona Visitor Chair Dima Plastic White"},"content":{"rendered":"<p>Plast | Vit | S\u00e4te Hopsak Beige | Ram Tr\u00e4 | H: 85 cm | SH: 49 cm | B: 48 cm | D: 52 cm<\/p>\n<p>*Visning och upph\u00e4mtning: Redcarstr. 3, 53842 Troisdorf* <\/p>\n","protected":false},"excerpt":{"rendered":"<p>Plast | Vit | S\u00e4te Hopsak Beige | Ram Tr\u00e4 | H: 85 cm | SH: 49 cm | B: 48 cm | D: 52 cm *Visning och upph\u00e4mtning: Redcarstr. 3, 53842 Troisdorf*<\/p>\n","protected":false},"featured_media":13819,"template":"","meta":{"_acf_changed":false},"product_brand":[],"product_cat":[239],"product_tag":[],"class_list":{"0":"post-19364","1":"product","2":"type-product","3":"status-publish","4":"has-post-thumbnail","6":"product_cat-besoeksstolar","8":"first","9":"instock","10":"taxable","11":"shipping-taxable","12":"purchasable","13":"product-type-auction"},"acf":[],"_links":{"self":[{"href":"https:\/\/www.sebworld-auktionen.de\/sv\/wp-json\/wp\/v2\/product\/19364","targetHints":{"allow":["GET"]}}],"collection":[{"href":"https:\/\/www.sebworld-auktionen.de\/sv\/wp-json\/wp\/v2\/product"}],"about":[{"href":"https:\/\/www.sebworld-auktionen.de\/sv\/wp-json\/wp\/v2\/types\/product"}],"wp:featuredmedia":[{"embeddable":true,"href":"https:\/\/www.sebworld-auktionen.de\/sv\/wp-json\/wp\/v2\/media\/13819"}],"wp:attachment":[{"href":"https:\/\/www.sebworld-auktionen.de\/sv\/wp-json\/wp\/v2\/media?parent=19364"}],"wp:term":[{"taxonomy":"product_brand","embeddable":true,"href":"https:\/\/www.sebworld-auktionen.de\/sv\/wp-json\/wp\/v2\/product_brand?post=19364"},{"taxonomy":"product_cat","embeddable":true,"href":"https:\/\/www.sebworld-auktionen.de\/sv\/wp-json\/wp\/v2\/product_cat?post=19364"},{"taxonomy":"product_tag","embeddable":true,"href":"https:\/\/www.sebworld-auktionen.de\/sv\/wp-json\/wp\/v2\/product_tag?post=19364"}],"curies":[{"name":"wp","href":"https:\/\/api.w.org\/{rel}","templated":true}]}}