{"id":19467,"date":"2026-04-16T08:46:54","date_gmt":"2026-04-16T06:46:54","guid":{"rendered":"https:\/\/www.sebworld-auktionen.de\/produkt\/hay-set-med-2-barstolar-ungefaer-en-pall-aas32-plastblaa"},"modified":"2026-04-16T08:46:54","modified_gmt":"2026-04-16T06:46:54","slug":"hay-set-med-2-barstolar-ungefaer-en-pall-aas32-plastblaa","status":"publish","type":"product","link":"https:\/\/www.sebworld-auktionen.de\/sv\/lotterna\/hay-set-med-2-barstolar-ungefaer-en-pall-aas32-plastblaa","title":{"rendered":"HAY-set med 2 barstolar ungef\u00e4r en pall AAS32 Plastbl\u00e5"},"content":{"rendered":"<p>Set om 2 | Plast | Bl\u00e5 | Ram Tr\u00e4 | H: 75 cm | SH: 64 cm | B: 50 cm | D: 43 cm<\/p>\n<p>*Visning och upph\u00e4mtning: Redcarstr. 3, 53842 Troisdorf* <\/p>\n","protected":false},"excerpt":{"rendered":"<p>Set om 2 | Plast | Bl\u00e5 | Ram Tr\u00e4 | H: 75 cm | SH: 64 cm | B: 50 cm | D: 43 cm *Visning och upph\u00e4mtning: Redcarstr. 3, 53842 Troisdorf*<\/p>\n","protected":false},"featured_media":14056,"template":"","meta":{"_acf_changed":false},"product_brand":[],"product_cat":[196],"product_tag":[],"class_list":{"0":"post-19467","1":"product","2":"type-product","3":"status-publish","4":"has-post-thumbnail","6":"product_cat-barstolar","8":"first","9":"instock","10":"taxable","11":"shipping-taxable","12":"purchasable","13":"product-type-auction"},"acf":[],"_links":{"self":[{"href":"https:\/\/www.sebworld-auktionen.de\/sv\/wp-json\/wp\/v2\/product\/19467","targetHints":{"allow":["GET"]}}],"collection":[{"href":"https:\/\/www.sebworld-auktionen.de\/sv\/wp-json\/wp\/v2\/product"}],"about":[{"href":"https:\/\/www.sebworld-auktionen.de\/sv\/wp-json\/wp\/v2\/types\/product"}],"wp:featuredmedia":[{"embeddable":true,"href":"https:\/\/www.sebworld-auktionen.de\/sv\/wp-json\/wp\/v2\/media\/14056"}],"wp:attachment":[{"href":"https:\/\/www.sebworld-auktionen.de\/sv\/wp-json\/wp\/v2\/media?parent=19467"}],"wp:term":[{"taxonomy":"product_brand","embeddable":true,"href":"https:\/\/www.sebworld-auktionen.de\/sv\/wp-json\/wp\/v2\/product_brand?post=19467"},{"taxonomy":"product_cat","embeddable":true,"href":"https:\/\/www.sebworld-auktionen.de\/sv\/wp-json\/wp\/v2\/product_cat?post=19467"},{"taxonomy":"product_tag","embeddable":true,"href":"https:\/\/www.sebworld-auktionen.de\/sv\/wp-json\/wp\/v2\/product_tag?post=19467"}],"curies":[{"name":"wp","href":"https:\/\/api.w.org\/{rel}","templated":true}]}}