{"id":19788,"date":"2026-04-23T14:15:05","date_gmt":"2026-04-23T12:15:05","guid":{"rendered":"https:\/\/www.sebworld-auktionen.de\/produkt\/wilkhahn-stitz-tyggraa"},"modified":"2026-04-23T14:15:05","modified_gmt":"2026-04-23T12:15:05","slug":"wilkhahn-stitz-tyggraa","status":"publish","type":"product","link":"https:\/\/www.sebworld-auktionen.de\/sv\/lotterna\/wilkhahn-stitz-tyggraa","title":{"rendered":"Wilkhahn Stitz Tyggr\u00e5"},"content":{"rendered":"<p>Tyg | Gr\u00e5tt | Ram Svart | H: 70-87 cm \u00d8: 31 cm<\/p>\n","protected":false},"excerpt":{"rendered":"<p>Tyg | Gr\u00e5tt | Ram Svart | H: 70-87 cm \u00d8: 31 cm<\/p>\n","protected":false},"featured_media":15303,"template":"","meta":{"_acf_changed":false},"product_brand":[],"product_cat":[204],"product_tag":[],"class_list":{"0":"post-19788","1":"product","2":"type-product","3":"status-publish","4":"has-post-thumbnail","6":"product_cat-oevrigt","8":"first","9":"instock","10":"taxable","11":"shipping-taxable","12":"purchasable","13":"product-type-auction"},"acf":[],"_links":{"self":[{"href":"https:\/\/www.sebworld-auktionen.de\/sv\/wp-json\/wp\/v2\/product\/19788","targetHints":{"allow":["GET"]}}],"collection":[{"href":"https:\/\/www.sebworld-auktionen.de\/sv\/wp-json\/wp\/v2\/product"}],"about":[{"href":"https:\/\/www.sebworld-auktionen.de\/sv\/wp-json\/wp\/v2\/types\/product"}],"wp:featuredmedia":[{"embeddable":true,"href":"https:\/\/www.sebworld-auktionen.de\/sv\/wp-json\/wp\/v2\/media\/15303"}],"wp:attachment":[{"href":"https:\/\/www.sebworld-auktionen.de\/sv\/wp-json\/wp\/v2\/media?parent=19788"}],"wp:term":[{"taxonomy":"product_brand","embeddable":true,"href":"https:\/\/www.sebworld-auktionen.de\/sv\/wp-json\/wp\/v2\/product_brand?post=19788"},{"taxonomy":"product_cat","embeddable":true,"href":"https:\/\/www.sebworld-auktionen.de\/sv\/wp-json\/wp\/v2\/product_cat?post=19788"},{"taxonomy":"product_tag","embeddable":true,"href":"https:\/\/www.sebworld-auktionen.de\/sv\/wp-json\/wp\/v2\/product_tag?post=19788"}],"curies":[{"name":"wp","href":"https:\/\/api.w.org\/{rel}","templated":true}]}}