{"id":19947,"date":"2026-04-20T13:08:26","date_gmt":"2026-04-20T11:08:26","guid":{"rendered":"https:\/\/www.sebworld-auktionen.de\/produkt\/vitra-ea-219-laeder-moerk-beige"},"modified":"2026-04-20T13:08:26","modified_gmt":"2026-04-20T11:08:26","slug":"vitra-ea-219-laeder-moerk-beige","status":"publish","type":"product","link":"https:\/\/www.sebworld-auktionen.de\/sv\/lotterna\/vitra-ea-219-laeder-moerk-beige","title":{"rendered":"Vitra EA 219 L\u00e4der M\u00f6rk Beige"},"content":{"rendered":"<p>L\u00e4der | M\u00f6rk beige | h\u00f6jdjusterbar | med vippfunktion | H: 103-116 cm | SH: 48-61 cm | B: 58 cm | D: 58 cm<\/p>\n","protected":false},"excerpt":{"rendered":"<p>L\u00e4der | M\u00f6rk beige | h\u00f6jdjusterbar | med vippfunktion | H: 103-116 cm | SH: 48-61 cm | B: 58 cm | D: 58 cm<\/p>\n","protected":false},"featured_media":14939,"template":"","meta":{"_acf_changed":false},"product_brand":[],"product_cat":[188],"product_tag":[],"class_list":{"0":"post-19947","1":"product","2":"type-product","3":"status-publish","4":"has-post-thumbnail","6":"product_cat-kontorssnurrstolar","8":"first","9":"instock","10":"taxable","11":"shipping-taxable","12":"purchasable","13":"product-type-auction"},"acf":[],"_links":{"self":[{"href":"https:\/\/www.sebworld-auktionen.de\/sv\/wp-json\/wp\/v2\/product\/19947","targetHints":{"allow":["GET"]}}],"collection":[{"href":"https:\/\/www.sebworld-auktionen.de\/sv\/wp-json\/wp\/v2\/product"}],"about":[{"href":"https:\/\/www.sebworld-auktionen.de\/sv\/wp-json\/wp\/v2\/types\/product"}],"wp:featuredmedia":[{"embeddable":true,"href":"https:\/\/www.sebworld-auktionen.de\/sv\/wp-json\/wp\/v2\/media\/14939"}],"wp:attachment":[{"href":"https:\/\/www.sebworld-auktionen.de\/sv\/wp-json\/wp\/v2\/media?parent=19947"}],"wp:term":[{"taxonomy":"product_brand","embeddable":true,"href":"https:\/\/www.sebworld-auktionen.de\/sv\/wp-json\/wp\/v2\/product_brand?post=19947"},{"taxonomy":"product_cat","embeddable":true,"href":"https:\/\/www.sebworld-auktionen.de\/sv\/wp-json\/wp\/v2\/product_cat?post=19947"},{"taxonomy":"product_tag","embeddable":true,"href":"https:\/\/www.sebworld-auktionen.de\/sv\/wp-json\/wp\/v2\/product_tag?post=19947"}],"curies":[{"name":"wp","href":"https:\/\/api.w.org\/{rel}","templated":true}]}}