{"id":20253,"date":"2026-04-15T08:49:26","date_gmt":"2026-04-15T06:49:26","guid":{"rendered":"https:\/\/www.sebworld-auktionen.de\/produkt\/cor-faatoeljtyg-gult"},"modified":"2026-04-15T08:49:26","modified_gmt":"2026-04-15T06:49:26","slug":"cor-faatoeljtyg-gult","status":"publish","type":"product","link":"https:\/\/www.sebworld-auktionen.de\/sv\/lotterna\/cor-faatoeljtyg-gult","title":{"rendered":"Cor F\u00e5t\u00f6ljtyg Gult"},"content":{"rendered":"<p>Ram polerad aluminium | Sv\u00e4ngbar | H: 87 cm | SH: 42 cm | B: 73 cm | D: 75 cm<\/p>\n<p>* Inspektion &amp; h\u00e4mtning: Marie-Curie-Stra\u00dfe 5, 53757 Sankt Augustin*<\/p>\n","protected":false},"excerpt":{"rendered":"<p>Ram polerad aluminium | Sv\u00e4ngbar | H: 87 cm | SH: 42 cm | B: 73 cm | D: 75 cm * Inspektion &amp; h\u00e4mtning: Marie-Curie-Stra\u00dfe 5, 53757 Sankt Augustin*<\/p>\n","protected":false},"featured_media":8610,"template":"","meta":{"_acf_changed":false},"product_brand":[],"product_cat":[180],"product_tag":[],"class_list":{"0":"post-20253","1":"product","2":"type-product","3":"status-publish","4":"has-post-thumbnail","6":"product_cat-faatoelj","8":"first","9":"outofstock","10":"taxable","11":"shipping-taxable","12":"purchasable","13":"product-type-auction"},"acf":[],"_links":{"self":[{"href":"https:\/\/www.sebworld-auktionen.de\/sv\/wp-json\/wp\/v2\/product\/20253","targetHints":{"allow":["GET"]}}],"collection":[{"href":"https:\/\/www.sebworld-auktionen.de\/sv\/wp-json\/wp\/v2\/product"}],"about":[{"href":"https:\/\/www.sebworld-auktionen.de\/sv\/wp-json\/wp\/v2\/types\/product"}],"wp:featuredmedia":[{"embeddable":true,"href":"https:\/\/www.sebworld-auktionen.de\/sv\/wp-json\/wp\/v2\/media\/8610"}],"wp:attachment":[{"href":"https:\/\/www.sebworld-auktionen.de\/sv\/wp-json\/wp\/v2\/media?parent=20253"}],"wp:term":[{"taxonomy":"product_brand","embeddable":true,"href":"https:\/\/www.sebworld-auktionen.de\/sv\/wp-json\/wp\/v2\/product_brand?post=20253"},{"taxonomy":"product_cat","embeddable":true,"href":"https:\/\/www.sebworld-auktionen.de\/sv\/wp-json\/wp\/v2\/product_cat?post=20253"},{"taxonomy":"product_tag","embeddable":true,"href":"https:\/\/www.sebworld-auktionen.de\/sv\/wp-json\/wp\/v2\/product_tag?post=20253"}],"curies":[{"name":"wp","href":"https:\/\/api.w.org\/{rel}","templated":true}]}}