{"id":20358,"date":"2026-04-16T14:46:44","date_gmt":"2026-04-16T12:46:44","guid":{"rendered":"https:\/\/www.sebworld-auktionen.de\/produkt\/usm-haller-klaedhaengare"},"modified":"2026-04-16T14:46:44","modified_gmt":"2026-04-16T12:46:44","slug":"usm-haller-klaedhaengare","status":"publish","type":"product","link":"https:\/\/www.sebworld-auktionen.de\/sv\/lotterna\/usm-haller-klaedhaengare","title":{"rendered":"USM Haller Kl\u00e4dh\u00e4ngare"},"content":{"rendered":"<p>2:a generationen | St\u00e5lbl\u00e5 RAL 5011 | med garderobsr\u00e4cke | H: 164 cm | B: 75 cm D: 35 cm<\/p>\n","protected":false},"excerpt":{"rendered":"<p>2:a generationen | St\u00e5lbl\u00e5 RAL 5011 | med garderobsr\u00e4cke | H: 164 cm | B: 75 cm D: 35 cm<\/p>\n","protected":false},"featured_media":14201,"template":"","meta":{"_acf_changed":false},"product_brand":[],"product_cat":[270],"product_tag":[],"class_list":{"0":"post-20358","1":"product","2":"type-product","3":"status-publish","4":"has-post-thumbnail","6":"product_cat-omklaedningsrum","8":"first","9":"instock","10":"taxable","11":"shipping-taxable","12":"purchasable","13":"product-type-auction"},"acf":[],"_links":{"self":[{"href":"https:\/\/www.sebworld-auktionen.de\/sv\/wp-json\/wp\/v2\/product\/20358","targetHints":{"allow":["GET"]}}],"collection":[{"href":"https:\/\/www.sebworld-auktionen.de\/sv\/wp-json\/wp\/v2\/product"}],"about":[{"href":"https:\/\/www.sebworld-auktionen.de\/sv\/wp-json\/wp\/v2\/types\/product"}],"wp:featuredmedia":[{"embeddable":true,"href":"https:\/\/www.sebworld-auktionen.de\/sv\/wp-json\/wp\/v2\/media\/14201"}],"wp:attachment":[{"href":"https:\/\/www.sebworld-auktionen.de\/sv\/wp-json\/wp\/v2\/media?parent=20358"}],"wp:term":[{"taxonomy":"product_brand","embeddable":true,"href":"https:\/\/www.sebworld-auktionen.de\/sv\/wp-json\/wp\/v2\/product_brand?post=20358"},{"taxonomy":"product_cat","embeddable":true,"href":"https:\/\/www.sebworld-auktionen.de\/sv\/wp-json\/wp\/v2\/product_cat?post=20358"},{"taxonomy":"product_tag","embeddable":true,"href":"https:\/\/www.sebworld-auktionen.de\/sv\/wp-json\/wp\/v2\/product_tag?post=20358"}],"curies":[{"name":"wp","href":"https:\/\/api.w.org\/{rel}","templated":true}]}}