{"id":20513,"date":"2026-04-16T16:47:40","date_gmt":"2026-04-16T14:47:40","guid":{"rendered":"https:\/\/www.sebworld-auktionen.de\/produkt\/vitra-ea-219-laedercognac"},"modified":"2026-04-16T16:47:40","modified_gmt":"2026-04-16T14:47:40","slug":"vitra-ea-219-laedercognac","status":"publish","type":"product","link":"https:\/\/www.sebworld-auktionen.de\/sv\/lotterna\/vitra-ea-219-laedercognac","title":{"rendered":"Vitra EA 219 L\u00e4dercognac"},"content":{"rendered":"<p>L\u00e4der | Cognac | Ram polerad aluminium | Armst\u00f6d krompl\u00e4terade med l\u00e4derpaddar | h\u00f6jdjusterbara | med vippfunktion | H: 103-115 cm | SH: 49-61 cm | B: 61 cm | D: ca 56 cm<\/p>\n","protected":false},"excerpt":{"rendered":"<p>L\u00e4der | Cognac | Ram polerad aluminium | Armst\u00f6d krompl\u00e4terade med l\u00e4derpaddar | h\u00f6jdjusterbara | med vippfunktion | H: 103-115 cm | SH: 49-61 cm | B: 61 cm | D: ca 56 cm<\/p>\n","protected":false},"featured_media":14311,"template":"","meta":{"_acf_changed":false},"product_brand":[],"product_cat":[188],"product_tag":[],"class_list":{"0":"post-20513","1":"product","2":"type-product","3":"status-publish","4":"has-post-thumbnail","6":"product_cat-kontorssnurrstolar","8":"first","9":"instock","10":"taxable","11":"shipping-taxable","12":"purchasable","13":"product-type-auction"},"acf":[],"_links":{"self":[{"href":"https:\/\/www.sebworld-auktionen.de\/sv\/wp-json\/wp\/v2\/product\/20513","targetHints":{"allow":["GET"]}}],"collection":[{"href":"https:\/\/www.sebworld-auktionen.de\/sv\/wp-json\/wp\/v2\/product"}],"about":[{"href":"https:\/\/www.sebworld-auktionen.de\/sv\/wp-json\/wp\/v2\/types\/product"}],"wp:featuredmedia":[{"embeddable":true,"href":"https:\/\/www.sebworld-auktionen.de\/sv\/wp-json\/wp\/v2\/media\/14311"}],"wp:attachment":[{"href":"https:\/\/www.sebworld-auktionen.de\/sv\/wp-json\/wp\/v2\/media?parent=20513"}],"wp:term":[{"taxonomy":"product_brand","embeddable":true,"href":"https:\/\/www.sebworld-auktionen.de\/sv\/wp-json\/wp\/v2\/product_brand?post=20513"},{"taxonomy":"product_cat","embeddable":true,"href":"https:\/\/www.sebworld-auktionen.de\/sv\/wp-json\/wp\/v2\/product_cat?post=20513"},{"taxonomy":"product_tag","embeddable":true,"href":"https:\/\/www.sebworld-auktionen.de\/sv\/wp-json\/wp\/v2\/product_tag?post=20513"}],"curies":[{"name":"wp","href":"https:\/\/api.w.org\/{rel}","templated":true}]}}