{"id":20706,"date":"2026-04-20T08:46:40","date_gmt":"2026-04-20T06:46:40","guid":{"rendered":"https:\/\/www.sebworld-auktionen.de\/produkt\/usm-haller-desk-vitra-ea-217-laedersvart-2"},"modified":"2026-04-20T08:46:40","modified_gmt":"2026-04-20T06:46:40","slug":"usm-haller-desk-vitra-ea-217-laedersvart-2","status":"publish","type":"product","link":"https:\/\/www.sebworld-auktionen.de\/sv\/lotterna\/usm-haller-desk-vitra-ea-217-laedersvart-2","title":{"rendered":"USM Haller Desk \/ Vitra EA 217 L\u00e4dersvart"},"content":{"rendered":"<p>Bord: Linoleum | Gr\u00e5tt | Krompl\u00e4terad ram | H: 74 cm | B: 150 cm | D: 75 cm<br \/>\nStol: L\u00e4der | Svart | Polerad aluminiumram | Krompl\u00e4terade armst\u00f6d | H: 82 cm | B: 58 cm D: ca 58 cm<\/p>\n","protected":false},"excerpt":{"rendered":"<p>Bord: Linoleum | Gr\u00e5tt | Krompl\u00e4terad ram | H: 74 cm | B: 150 cm | D: 75 cm Stol: L\u00e4der | Svart | Polerad aluminiumram | Krompl\u00e4terade armst\u00f6d | H: 82 cm | B: 58 cm D: ca 58 cm<\/p>\n","protected":false},"featured_media":14669,"template":"","meta":{"_acf_changed":false},"product_brand":[],"product_cat":[221],"product_tag":[],"class_list":{"0":"post-20706","1":"product","2":"type-product","3":"status-publish","4":"has-post-thumbnail","6":"product_cat-uppsaettningar","8":"first","9":"instock","10":"taxable","11":"shipping-taxable","12":"purchasable","13":"product-type-auction"},"acf":[],"_links":{"self":[{"href":"https:\/\/www.sebworld-auktionen.de\/sv\/wp-json\/wp\/v2\/product\/20706","targetHints":{"allow":["GET"]}}],"collection":[{"href":"https:\/\/www.sebworld-auktionen.de\/sv\/wp-json\/wp\/v2\/product"}],"about":[{"href":"https:\/\/www.sebworld-auktionen.de\/sv\/wp-json\/wp\/v2\/types\/product"}],"wp:featuredmedia":[{"embeddable":true,"href":"https:\/\/www.sebworld-auktionen.de\/sv\/wp-json\/wp\/v2\/media\/14669"}],"wp:attachment":[{"href":"https:\/\/www.sebworld-auktionen.de\/sv\/wp-json\/wp\/v2\/media?parent=20706"}],"wp:term":[{"taxonomy":"product_brand","embeddable":true,"href":"https:\/\/www.sebworld-auktionen.de\/sv\/wp-json\/wp\/v2\/product_brand?post=20706"},{"taxonomy":"product_cat","embeddable":true,"href":"https:\/\/www.sebworld-auktionen.de\/sv\/wp-json\/wp\/v2\/product_cat?post=20706"},{"taxonomy":"product_tag","embeddable":true,"href":"https:\/\/www.sebworld-auktionen.de\/sv\/wp-json\/wp\/v2\/product_tag?post=20706"}],"curies":[{"name":"wp","href":"https:\/\/api.w.org\/{rel}","templated":true}]}}