{"id":20756,"date":"2026-04-20T08:54:04","date_gmt":"2026-04-20T06:54:04","guid":{"rendered":"https:\/\/www.sebworld-auktionen.de\/produkt\/regentnivaans-kontor-ljusgraatt-2"},"modified":"2026-04-20T08:54:04","modified_gmt":"2026-04-20T06:54:04","slug":"regentnivaans-kontor-ljusgraatt-2","status":"publish","type":"product","link":"https:\/\/www.sebworld-auktionen.de\/sv\/lotterna\/regentnivaans-kontor-ljusgraatt-2","title":{"rendered":"Regentniv\u00e5ns kontor ljusgr\u00e5tt"},"content":{"rendered":"<p>Metall | Ljusgr\u00e5 | inkl. 4 lysr\u00f6r | H: 190 cm | B: 60 cm | D: 37 cm <\/p>\n<p>Funktionell vid katalogisering | En funktionell garanti ges inte.<\/p>\n","protected":false},"excerpt":{"rendered":"<p>Metall | Ljusgr\u00e5 | inkl. 4 lysr\u00f6r | H: 190 cm | B: 60 cm | D: 37 cm Funktionell vid katalogisering | En funktionell garanti ges inte.<\/p>\n","protected":false},"featured_media":14678,"template":"","meta":{"_acf_changed":false},"product_brand":[],"product_cat":[215],"product_tag":[],"class_list":{"0":"post-20756","1":"product","2":"type-product","3":"status-publish","4":"has-post-thumbnail","6":"product_cat-golvlampor","8":"first","9":"instock","10":"taxable","11":"shipping-taxable","12":"purchasable","13":"product-type-auction"},"acf":[],"_links":{"self":[{"href":"https:\/\/www.sebworld-auktionen.de\/sv\/wp-json\/wp\/v2\/product\/20756","targetHints":{"allow":["GET"]}}],"collection":[{"href":"https:\/\/www.sebworld-auktionen.de\/sv\/wp-json\/wp\/v2\/product"}],"about":[{"href":"https:\/\/www.sebworld-auktionen.de\/sv\/wp-json\/wp\/v2\/types\/product"}],"wp:featuredmedia":[{"embeddable":true,"href":"https:\/\/www.sebworld-auktionen.de\/sv\/wp-json\/wp\/v2\/media\/14678"}],"wp:attachment":[{"href":"https:\/\/www.sebworld-auktionen.de\/sv\/wp-json\/wp\/v2\/media?parent=20756"}],"wp:term":[{"taxonomy":"product_brand","embeddable":true,"href":"https:\/\/www.sebworld-auktionen.de\/sv\/wp-json\/wp\/v2\/product_brand?post=20756"},{"taxonomy":"product_cat","embeddable":true,"href":"https:\/\/www.sebworld-auktionen.de\/sv\/wp-json\/wp\/v2\/product_cat?post=20756"},{"taxonomy":"product_tag","embeddable":true,"href":"https:\/\/www.sebworld-auktionen.de\/sv\/wp-json\/wp\/v2\/product_tag?post=20756"}],"curies":[{"name":"wp","href":"https:\/\/api.w.org\/{rel}","templated":true}]}}