{"id":20912,"date":"2026-04-20T09:15:11","date_gmt":"2026-04-20T07:15:11","guid":{"rendered":"https:\/\/www.sebworld-auktionen.de\/produkt\/tobias-graa-xt-a-floor-ljusgraa"},"modified":"2026-04-20T09:15:11","modified_gmt":"2026-04-20T07:15:11","slug":"tobias-graa-xt-a-floor-ljusgraa","status":"publish","type":"product","link":"https:\/\/www.sebworld-auktionen.de\/sv\/lotterna\/tobias-graa-xt-a-floor-ljusgraa","title":{"rendered":"Tobias Gr\u00e5 XT A-Floor Ljusgr\u00e5"},"content":{"rendered":"<p>Metall | Ljusgr\u00e5 | Huvudsv\u00e4ng | inkl. 4 lysr\u00f6r | H: 191 cm | W (huvud): 39 cm | T (huvud): 60 cm | W (fot): 70 cm | T (fot): ca 40 cm <\/p>\n<p>Brytaranslutning saknas | Funktionell vid katalogisering | N\u00e5gon funktionell garanti ges inte.<\/p>\n","protected":false},"excerpt":{"rendered":"<p>Metall | Ljusgr\u00e5 | Huvudsv\u00e4ng | inkl. 4 lysr\u00f6r | H: 191 cm | W (huvud): 39 cm | T (huvud): 60 cm | W (fot): 70 cm | T (fot): ca 40 cm Brytaranslutning saknas | Funktionell vid katalogisering | N\u00e5gon funktionell garanti ges inte.<\/p>\n","protected":false},"featured_media":14701,"template":"","meta":{"_acf_changed":false},"product_brand":[],"product_cat":[215],"product_tag":[],"class_list":{"0":"post-20912","1":"product","2":"type-product","3":"status-publish","4":"has-post-thumbnail","6":"product_cat-golvlampor","8":"first","9":"instock","10":"taxable","11":"shipping-taxable","12":"purchasable","13":"product-type-auction"},"acf":[],"_links":{"self":[{"href":"https:\/\/www.sebworld-auktionen.de\/sv\/wp-json\/wp\/v2\/product\/20912","targetHints":{"allow":["GET"]}}],"collection":[{"href":"https:\/\/www.sebworld-auktionen.de\/sv\/wp-json\/wp\/v2\/product"}],"about":[{"href":"https:\/\/www.sebworld-auktionen.de\/sv\/wp-json\/wp\/v2\/types\/product"}],"wp:featuredmedia":[{"embeddable":true,"href":"https:\/\/www.sebworld-auktionen.de\/sv\/wp-json\/wp\/v2\/media\/14701"}],"wp:attachment":[{"href":"https:\/\/www.sebworld-auktionen.de\/sv\/wp-json\/wp\/v2\/media?parent=20912"}],"wp:term":[{"taxonomy":"product_brand","embeddable":true,"href":"https:\/\/www.sebworld-auktionen.de\/sv\/wp-json\/wp\/v2\/product_brand?post=20912"},{"taxonomy":"product_cat","embeddable":true,"href":"https:\/\/www.sebworld-auktionen.de\/sv\/wp-json\/wp\/v2\/product_cat?post=20912"},{"taxonomy":"product_tag","embeddable":true,"href":"https:\/\/www.sebworld-auktionen.de\/sv\/wp-json\/wp\/v2\/product_tag?post=20912"}],"curies":[{"name":"wp","href":"https:\/\/api.w.org\/{rel}","templated":true}]}}