{"id":21365,"date":"2026-04-22T13:28:39","date_gmt":"2026-04-22T11:28:39","guid":{"rendered":"https:\/\/www.sebworld-auktionen.de\/produkt\/vitra-plastic-faatoelj-re-daw-tyg-roed"},"modified":"2026-04-22T13:28:39","modified_gmt":"2026-04-22T11:28:39","slug":"vitra-plastic-faatoelj-re-daw-tyg-roed","status":"publish","type":"product","link":"https:\/\/www.sebworld-auktionen.de\/sv\/lotterna\/vitra-plastic-faatoelj-re-daw-tyg-roed","title":{"rendered":"Vitra Plastic F\u00e5t\u00f6lj RE DAW Tyg R\u00f6d"},"content":{"rendered":"<p>Tyg | R\u00f6tt | Ram Tr\u00e4 | H: 83 cm | SH: 43 cm | B: 62,5 cm D: 60 cm<\/p>\n","protected":false},"excerpt":{"rendered":"<p>Tyg | R\u00f6tt | Ram Tr\u00e4 | H: 83 cm | SH: 43 cm | B: 62,5 cm D: 60 cm<\/p>\n","protected":false},"featured_media":14998,"template":"","meta":{"_acf_changed":false},"product_brand":[],"product_cat":[239],"product_tag":[],"class_list":{"0":"post-21365","1":"product","2":"type-product","3":"status-publish","4":"has-post-thumbnail","6":"product_cat-besoeksstolar","8":"first","9":"instock","10":"taxable","11":"shipping-taxable","12":"purchasable","13":"product-type-auction"},"acf":[],"_links":{"self":[{"href":"https:\/\/www.sebworld-auktionen.de\/sv\/wp-json\/wp\/v2\/product\/21365","targetHints":{"allow":["GET"]}}],"collection":[{"href":"https:\/\/www.sebworld-auktionen.de\/sv\/wp-json\/wp\/v2\/product"}],"about":[{"href":"https:\/\/www.sebworld-auktionen.de\/sv\/wp-json\/wp\/v2\/types\/product"}],"wp:featuredmedia":[{"embeddable":true,"href":"https:\/\/www.sebworld-auktionen.de\/sv\/wp-json\/wp\/v2\/media\/14998"}],"wp:attachment":[{"href":"https:\/\/www.sebworld-auktionen.de\/sv\/wp-json\/wp\/v2\/media?parent=21365"}],"wp:term":[{"taxonomy":"product_brand","embeddable":true,"href":"https:\/\/www.sebworld-auktionen.de\/sv\/wp-json\/wp\/v2\/product_brand?post=21365"},{"taxonomy":"product_cat","embeddable":true,"href":"https:\/\/www.sebworld-auktionen.de\/sv\/wp-json\/wp\/v2\/product_cat?post=21365"},{"taxonomy":"product_tag","embeddable":true,"href":"https:\/\/www.sebworld-auktionen.de\/sv\/wp-json\/wp\/v2\/product_tag?post=21365"}],"curies":[{"name":"wp","href":"https:\/\/api.w.org\/{rel}","templated":true}]}}