{"id":21430,"date":"2026-04-23T11:20:24","date_gmt":"2026-04-23T09:20:24","guid":{"rendered":"https:\/\/www.sebworld-auktionen.de\/produkt\/vitra-plastfaatoelj-daw-plastvitt"},"modified":"2026-04-23T11:20:24","modified_gmt":"2026-04-23T09:20:24","slug":"vitra-plastfaatoelj-daw-plastvitt","status":"publish","type":"product","link":"https:\/\/www.sebworld-auktionen.de\/sv\/lotterna\/vitra-plastfaatoelj-daw-plastvitt","title":{"rendered":"Vitra Plastf\u00e5t\u00f6lj DAW Plastvitt"},"content":{"rendered":"<p>Plast | Vit | Ram Tr\u00e4 | Sittdyna Hopsak Gr\u00e5 | H: 80 cm | SH: 46 cm | B: 62 cm | D: 58 cm<\/p>\n","protected":false},"excerpt":{"rendered":"<p>Plast | Vit | Ram Tr\u00e4 | Sittdyna Hopsak Gr\u00e5 | H: 80 cm | SH: 46 cm | B: 62 cm | D: 58 cm<\/p>\n","protected":false},"featured_media":15235,"template":"","meta":{"_acf_changed":false},"product_brand":[],"product_cat":[239],"product_tag":[],"class_list":{"0":"post-21430","1":"product","2":"type-product","3":"status-publish","4":"has-post-thumbnail","6":"product_cat-besoeksstolar","8":"first","9":"instock","10":"taxable","11":"shipping-taxable","12":"purchasable","13":"product-type-auction"},"acf":[],"_links":{"self":[{"href":"https:\/\/www.sebworld-auktionen.de\/sv\/wp-json\/wp\/v2\/product\/21430","targetHints":{"allow":["GET"]}}],"collection":[{"href":"https:\/\/www.sebworld-auktionen.de\/sv\/wp-json\/wp\/v2\/product"}],"about":[{"href":"https:\/\/www.sebworld-auktionen.de\/sv\/wp-json\/wp\/v2\/types\/product"}],"wp:featuredmedia":[{"embeddable":true,"href":"https:\/\/www.sebworld-auktionen.de\/sv\/wp-json\/wp\/v2\/media\/15235"}],"wp:attachment":[{"href":"https:\/\/www.sebworld-auktionen.de\/sv\/wp-json\/wp\/v2\/media?parent=21430"}],"wp:term":[{"taxonomy":"product_brand","embeddable":true,"href":"https:\/\/www.sebworld-auktionen.de\/sv\/wp-json\/wp\/v2\/product_brand?post=21430"},{"taxonomy":"product_cat","embeddable":true,"href":"https:\/\/www.sebworld-auktionen.de\/sv\/wp-json\/wp\/v2\/product_cat?post=21430"},{"taxonomy":"product_tag","embeddable":true,"href":"https:\/\/www.sebworld-auktionen.de\/sv\/wp-json\/wp\/v2\/product_tag?post=21430"}],"curies":[{"name":"wp","href":"https:\/\/api.w.org\/{rel}","templated":true}]}}