{"id":21608,"date":"2026-04-23T13:54:16","date_gmt":"2026-04-23T11:54:16","guid":{"rendered":"https:\/\/www.sebworld-auktionen.de\/produkt\/vitra-set-av-2-physix-konferenser-hopsak-blaa-graa-3"},"modified":"2026-04-23T13:54:16","modified_gmt":"2026-04-23T11:54:16","slug":"vitra-set-av-2-physix-konferenser-hopsak-blaa-graa-3","status":"publish","type":"product","link":"https:\/\/www.sebworld-auktionen.de\/sv\/lotterna\/vitra-set-av-2-physix-konferenser-hopsak-blaa-graa-3","title":{"rendered":"Vitra-set av 2 Physix-konferenser Hopsak Bl\u00e5 \/ Gr\u00e5"},"content":{"rendered":"<p>Set om 2 | Hopsak | Bl\u00e5 \/ Gr\u00e5 | Ramgr\u00e5 | Sv\u00e4ng | H: 88 cm | SH: 48 cm | B: 62 cm | D: 55 cm<\/p>\n","protected":false},"excerpt":{"rendered":"<p>Set om 2 | Hopsak | Bl\u00e5 \/ Gr\u00e5 | Ramgr\u00e5 | Sv\u00e4ng | H: 88 cm | SH: 48 cm | B: 62 cm | D: 55 cm<\/p>\n","protected":false},"featured_media":15262,"template":"","meta":{"_acf_changed":false},"product_brand":[],"product_cat":[239],"product_tag":[],"class_list":{"0":"post-21608","1":"product","2":"type-product","3":"status-publish","4":"has-post-thumbnail","6":"product_cat-besoeksstolar","8":"first","9":"instock","10":"taxable","11":"shipping-taxable","12":"purchasable","13":"product-type-auction"},"acf":[],"_links":{"self":[{"href":"https:\/\/www.sebworld-auktionen.de\/sv\/wp-json\/wp\/v2\/product\/21608","targetHints":{"allow":["GET"]}}],"collection":[{"href":"https:\/\/www.sebworld-auktionen.de\/sv\/wp-json\/wp\/v2\/product"}],"about":[{"href":"https:\/\/www.sebworld-auktionen.de\/sv\/wp-json\/wp\/v2\/types\/product"}],"wp:featuredmedia":[{"embeddable":true,"href":"https:\/\/www.sebworld-auktionen.de\/sv\/wp-json\/wp\/v2\/media\/15262"}],"wp:attachment":[{"href":"https:\/\/www.sebworld-auktionen.de\/sv\/wp-json\/wp\/v2\/media?parent=21608"}],"wp:term":[{"taxonomy":"product_brand","embeddable":true,"href":"https:\/\/www.sebworld-auktionen.de\/sv\/wp-json\/wp\/v2\/product_brand?post=21608"},{"taxonomy":"product_cat","embeddable":true,"href":"https:\/\/www.sebworld-auktionen.de\/sv\/wp-json\/wp\/v2\/product_cat?post=21608"},{"taxonomy":"product_tag","embeddable":true,"href":"https:\/\/www.sebworld-auktionen.de\/sv\/wp-json\/wp\/v2\/product_tag?post=21608"}],"curies":[{"name":"wp","href":"https:\/\/api.w.org\/{rel}","templated":true}]}}