{"id":21636,"date":"2026-04-27T13:51:37","date_gmt":"2026-04-27T11:51:37","guid":{"rendered":"https:\/\/www.sebworld-auktionen.de\/produkt\/regentnivaakontor-metallgraa-8"},"modified":"2026-04-27T13:51:37","modified_gmt":"2026-04-27T11:51:37","slug":"regentnivaakontor-metallgraa-8","status":"publish","type":"product","link":"https:\/\/www.sebworld-auktionen.de\/sv\/lotterna\/regentnivaakontor-metallgraa-8","title":{"rendered":"Regentniv\u00e5kontor Metallgr\u00e5"},"content":{"rendered":"<p>Metall | Gr\u00e5 | med lysr\u00f6r | med sensor | f\u00e4ste i mitten | sockel med fyra h\u00e5l | H: 190 cm | B: 35 cm | D: 42 cm<br \/>\n* Fotona visar en lampa som exempel; Regent golvlamporna \u00e4r identiska i konstruktionen.*<\/p>\n","protected":false},"excerpt":{"rendered":"<p>Metall | Gr\u00e5 | med lysr\u00f6r | med sensor | f\u00e4ste i mitten | sockel med fyra h\u00e5l | H: 190 cm | B: 35 cm | D: 42 cm * Fotona visar en lampa som exempel; Regent golvlamporna \u00e4r identiska i konstruktionen.*<\/p>\n","protected":false},"featured_media":15468,"template":"","meta":{"_acf_changed":false},"product_brand":[],"product_cat":[215],"product_tag":[],"class_list":{"0":"post-21636","1":"product","2":"type-product","3":"status-publish","4":"has-post-thumbnail","6":"product_cat-golvlampor","8":"first","9":"instock","10":"taxable","11":"shipping-taxable","12":"purchasable","13":"product-type-auction"},"acf":[],"_links":{"self":[{"href":"https:\/\/www.sebworld-auktionen.de\/sv\/wp-json\/wp\/v2\/product\/21636","targetHints":{"allow":["GET"]}}],"collection":[{"href":"https:\/\/www.sebworld-auktionen.de\/sv\/wp-json\/wp\/v2\/product"}],"about":[{"href":"https:\/\/www.sebworld-auktionen.de\/sv\/wp-json\/wp\/v2\/types\/product"}],"wp:featuredmedia":[{"embeddable":true,"href":"https:\/\/www.sebworld-auktionen.de\/sv\/wp-json\/wp\/v2\/media\/15468"}],"wp:attachment":[{"href":"https:\/\/www.sebworld-auktionen.de\/sv\/wp-json\/wp\/v2\/media?parent=21636"}],"wp:term":[{"taxonomy":"product_brand","embeddable":true,"href":"https:\/\/www.sebworld-auktionen.de\/sv\/wp-json\/wp\/v2\/product_brand?post=21636"},{"taxonomy":"product_cat","embeddable":true,"href":"https:\/\/www.sebworld-auktionen.de\/sv\/wp-json\/wp\/v2\/product_cat?post=21636"},{"taxonomy":"product_tag","embeddable":true,"href":"https:\/\/www.sebworld-auktionen.de\/sv\/wp-json\/wp\/v2\/product_tag?post=21636"}],"curies":[{"name":"wp","href":"https:\/\/api.w.org\/{rel}","templated":true}]}}