{"id":21909,"date":"2026-04-13T11:40:34","date_gmt":"2026-04-13T09:40:34","guid":{"rendered":"https:\/\/www.sebworld-auktionen.de\/produkt\/set-med-2-lenovo-hp-datorskaermar"},"modified":"2026-04-13T11:40:34","modified_gmt":"2026-04-13T09:40:34","slug":"set-med-2-lenovo-hp-datorskaermar","status":"publish","type":"product","link":"https:\/\/www.sebworld-auktionen.de\/sv\/lotterna\/set-med-2-lenovo-hp-datorskaermar","title":{"rendered":"Set med 2 Lenovo \/ HP datorsk\u00e4rmar"},"content":{"rendered":"<p>Lenovo: ThinkVision T2324pA | 23&#8243; | Full HD | sv\u00e4ngbar | h\u00f6jdjusterbar | utan kabel | H: 36-47 cm | B: 54 cm | D: 26 cm<\/p>\n<p>HP: E27q G4 | 27&#8243; | QHD | Sv\u00e4ng och sv\u00e4ng | med HDMI-kabel och n\u00e4tverkskontakt | H: 39-54 cm | B: 61 cm | D: 22 cm<\/p>\n<p>*Funktionalitet inte garanterad | 3, 53842 Troisdorf* <\/p>\n","protected":false},"excerpt":{"rendered":"<p>Lenovo: ThinkVision T2324pA | 23&#8243; | Full HD | sv\u00e4ngbar | h\u00f6jdjusterbar | utan kabel | H: 36-47 cm | B: 54 cm | D: 26 cm HP: E27q G4 | 27&#8243; | QHD | Sv\u00e4ng och sv\u00e4ng | med HDMI-kabel och n\u00e4tverkskontakt | H: 39-54 cm | B: 61 cm | D: 22 cm [&hellip;]<\/p>\n","protected":false},"featured_media":13706,"template":"","meta":{"_acf_changed":false},"product_brand":[],"product_cat":[225],"product_tag":[],"class_list":{"0":"post-21909","1":"product","2":"type-product","3":"status-publish","4":"has-post-thumbnail","6":"product_cat-kontorsmaterial","8":"first","9":"instock","10":"taxable","11":"shipping-taxable","12":"purchasable","13":"product-type-auction"},"acf":[],"_links":{"self":[{"href":"https:\/\/www.sebworld-auktionen.de\/sv\/wp-json\/wp\/v2\/product\/21909","targetHints":{"allow":["GET"]}}],"collection":[{"href":"https:\/\/www.sebworld-auktionen.de\/sv\/wp-json\/wp\/v2\/product"}],"about":[{"href":"https:\/\/www.sebworld-auktionen.de\/sv\/wp-json\/wp\/v2\/types\/product"}],"wp:featuredmedia":[{"embeddable":true,"href":"https:\/\/www.sebworld-auktionen.de\/sv\/wp-json\/wp\/v2\/media\/13706"}],"wp:attachment":[{"href":"https:\/\/www.sebworld-auktionen.de\/sv\/wp-json\/wp\/v2\/media?parent=21909"}],"wp:term":[{"taxonomy":"product_brand","embeddable":true,"href":"https:\/\/www.sebworld-auktionen.de\/sv\/wp-json\/wp\/v2\/product_brand?post=21909"},{"taxonomy":"product_cat","embeddable":true,"href":"https:\/\/www.sebworld-auktionen.de\/sv\/wp-json\/wp\/v2\/product_cat?post=21909"},{"taxonomy":"product_tag","embeddable":true,"href":"https:\/\/www.sebworld-auktionen.de\/sv\/wp-json\/wp\/v2\/product_tag?post=21909"}],"curies":[{"name":"wp","href":"https:\/\/api.w.org\/{rel}","templated":true}]}}