{"id":22054,"date":"2026-04-13T09:53:44","date_gmt":"2026-04-13T07:53:44","guid":{"rendered":"https:\/\/www.sebworld-auktionen.de\/produkt\/franken-tripod-skivspelare-150-x-100-cm-vit"},"modified":"2026-04-13T09:53:44","modified_gmt":"2026-04-13T07:53:44","slug":"franken-tripod-skivspelare-150-x-100-cm-vit","status":"publish","type":"product","link":"https:\/\/www.sebworld-auktionen.de\/sv\/lotterna\/franken-tripod-skivspelare-150-x-100-cm-vit","title":{"rendered":"FRANKEN Tripod Skivspelare 150 x 100 cm Vit"},"content":{"rendered":"<p>St\u00e5l | Vit | Ram Metallgr\u00e5 | kan vridas horisontellt 360\u00b0 | magnetisk | torr \/ fuktig tv\u00e4ttbar<br \/>\nTotala m\u00e5tt: H: 190 cm | W: 170,5 cm | D: 61 cm<br \/>\nSvart tavla: H: 100 cm | W: 150 cm<\/p>\n<p>*Visning och upph\u00e4mtning: Redcarstr. 3, 53842 Troisdorf* <\/p>\n","protected":false},"excerpt":{"rendered":"<p>St\u00e5l | Vit | Ram Metallgr\u00e5 | kan vridas horisontellt 360\u00b0 | magnetisk | torr \/ fuktig tv\u00e4ttbar Totala m\u00e5tt: H: 190 cm | W: 170,5 cm | D: 61 cm Svart tavla: H: 100 cm | W: 150 cm *Visning och upph\u00e4mtning: Redcarstr. 3, 53842 Troisdorf*<\/p>\n","protected":false},"featured_media":13666,"template":"","meta":{"_acf_changed":false},"product_brand":[],"product_cat":[225],"product_tag":[],"class_list":{"0":"post-22054","1":"product","2":"type-product","3":"status-publish","4":"has-post-thumbnail","6":"product_cat-kontorsmaterial","8":"first","9":"instock","10":"taxable","11":"shipping-taxable","12":"purchasable","13":"product-type-auction"},"acf":[],"_links":{"self":[{"href":"https:\/\/www.sebworld-auktionen.de\/sv\/wp-json\/wp\/v2\/product\/22054","targetHints":{"allow":["GET"]}}],"collection":[{"href":"https:\/\/www.sebworld-auktionen.de\/sv\/wp-json\/wp\/v2\/product"}],"about":[{"href":"https:\/\/www.sebworld-auktionen.de\/sv\/wp-json\/wp\/v2\/types\/product"}],"wp:featuredmedia":[{"embeddable":true,"href":"https:\/\/www.sebworld-auktionen.de\/sv\/wp-json\/wp\/v2\/media\/13666"}],"wp:attachment":[{"href":"https:\/\/www.sebworld-auktionen.de\/sv\/wp-json\/wp\/v2\/media?parent=22054"}],"wp:term":[{"taxonomy":"product_brand","embeddable":true,"href":"https:\/\/www.sebworld-auktionen.de\/sv\/wp-json\/wp\/v2\/product_brand?post=22054"},{"taxonomy":"product_cat","embeddable":true,"href":"https:\/\/www.sebworld-auktionen.de\/sv\/wp-json\/wp\/v2\/product_cat?post=22054"},{"taxonomy":"product_tag","embeddable":true,"href":"https:\/\/www.sebworld-auktionen.de\/sv\/wp-json\/wp\/v2\/product_tag?post=22054"}],"curies":[{"name":"wp","href":"https:\/\/api.w.org\/{rel}","templated":true}]}}