{"id":22154,"date":"2026-04-13T09:38:31","date_gmt":"2026-04-13T07:38:31","guid":{"rendered":"https:\/\/www.sebworld-auktionen.de\/produkt\/legamaster-flipchart-sketch-hoejdjusterbar-2"},"modified":"2026-04-13T09:38:31","modified_gmt":"2026-04-13T07:38:31","slug":"legamaster-flipchart-sketch-hoejdjusterbar-2","status":"publish","type":"product","link":"https:\/\/www.sebworld-auktionen.de\/sv\/lotterna\/legamaster-flipchart-sketch-hoejdjusterbar-2","title":{"rendered":"Legamaster Flipchart Sketch h\u00f6jdjusterbar"},"content":{"rendered":"<p>Rammetall | p\u00e5 hjul | h\u00f6jdjusterbar<br \/>\nTotalm\u00e5tt: H: 180 &#8211; 250 cm | B: 62 cm | \u00d8 ram: 62 cm<br \/>\nM\u00e5tt arbetsyta: H: 103 cm | B: 67 cm<\/p>\n<p>*Visning och upph\u00e4mtning: Redcarstr. 3, 53842 Troisdorf* <\/p>\n","protected":false},"excerpt":{"rendered":"<p>Rammetall | p\u00e5 hjul | h\u00f6jdjusterbar Totalm\u00e5tt: H: 180 &#8211; 250 cm | B: 62 cm | \u00d8 ram: 62 cm M\u00e5tt arbetsyta: H: 103 cm | B: 67 cm *Visning och upph\u00e4mtning: Redcarstr. 3, 53842 Troisdorf*<\/p>\n","protected":false},"featured_media":13798,"template":"","meta":{"_acf_changed":false},"product_brand":[],"product_cat":[225],"product_tag":[],"class_list":{"0":"post-22154","1":"product","2":"type-product","3":"status-publish","4":"has-post-thumbnail","6":"product_cat-kontorsmaterial","8":"first","9":"outofstock","10":"taxable","11":"shipping-taxable","12":"purchasable","13":"product-type-auction"},"acf":[],"_links":{"self":[{"href":"https:\/\/www.sebworld-auktionen.de\/sv\/wp-json\/wp\/v2\/product\/22154","targetHints":{"allow":["GET"]}}],"collection":[{"href":"https:\/\/www.sebworld-auktionen.de\/sv\/wp-json\/wp\/v2\/product"}],"about":[{"href":"https:\/\/www.sebworld-auktionen.de\/sv\/wp-json\/wp\/v2\/types\/product"}],"wp:featuredmedia":[{"embeddable":true,"href":"https:\/\/www.sebworld-auktionen.de\/sv\/wp-json\/wp\/v2\/media\/13798"}],"wp:attachment":[{"href":"https:\/\/www.sebworld-auktionen.de\/sv\/wp-json\/wp\/v2\/media?parent=22154"}],"wp:term":[{"taxonomy":"product_brand","embeddable":true,"href":"https:\/\/www.sebworld-auktionen.de\/sv\/wp-json\/wp\/v2\/product_brand?post=22154"},{"taxonomy":"product_cat","embeddable":true,"href":"https:\/\/www.sebworld-auktionen.de\/sv\/wp-json\/wp\/v2\/product_cat?post=22154"},{"taxonomy":"product_tag","embeddable":true,"href":"https:\/\/www.sebworld-auktionen.de\/sv\/wp-json\/wp\/v2\/product_tag?post=22154"}],"curies":[{"name":"wp","href":"https:\/\/api.w.org\/{rel}","templated":true}]}}