{"id":22281,"date":"2026-04-15T10:03:26","date_gmt":"2026-04-15T08:03:26","guid":{"rendered":"https:\/\/www.sebworld-auktionen.de\/produkt\/arbetsplats-gjord-av-kn-elektrisk-hoehenv-skrivbord-cor-kontorssnurrstol-walter-knoll-mobil-container-4"},"modified":"2026-04-15T10:03:26","modified_gmt":"2026-04-15T08:03:26","slug":"arbetsplats-gjord-av-kn-elektrisk-hoehenv-skrivbord-cor-kontorssnurrstol-walter-knoll-mobil-container-4","status":"publish","type":"product","link":"https:\/\/www.sebworld-auktionen.de\/sv\/lotterna\/arbetsplats-gjord-av-kn-elektrisk-hoehenv-skrivbord-cor-kontorssnurrstol-walter-knoll-mobil-container-4","title":{"rendered":"Arbetsplats gjord av K&amp;N elektrisk. H\u00f6henv. Skrivbord + Cor kontorssnurrstol + Walter Knoll mobil container"},"content":{"rendered":"<p>Skrivbord: K\u00f6nig + Neurath | TALO. S elektrisk, h\u00f6jdjusterbar | Syntetisk harts | Vit | med kabelbricka och 2x kabeluttag | H: 68 &#8211; 118 cm | W: 160 cm | D: 80 cm<br \/>\nStol: Cor | Tyg | Gul | Ram polerad aluminium | H: 87 cm | SH: 42 cm | W: 73 cm | D: 75 cm<br \/>\nMobil beh\u00e5llare: Walter Knoll | Metall | Vit | 2x l\u00e5dor | Mjukt st\u00e4ngning | H: 52,5 cm | W: 40,5 cm | D: 56 cm<\/p>\n<p>* Bilderna \u00e4r exemplariska, alla set \u00e4r identiska | Visning &amp; samling: Marie-Curie-Stra\u00dfe 5, 53757 Sankt Augustin*<\/p>\n","protected":false},"excerpt":{"rendered":"<p>Skrivbord: K\u00f6nig + Neurath | TALO. S elektrisk, h\u00f6jdjusterbar | Syntetisk harts | Vit | med kabelbricka och 2x kabeluttag | H: 68 &#8211; 118 cm | W: 160 cm | D: 80 cm Stol: Cor | Tyg | Gul | Ram polerad aluminium | H: 87 cm | SH: 42 cm | W: 73 [&hellip;]<\/p>\n","protected":false},"featured_media":13977,"template":"","meta":{"_acf_changed":false},"product_brand":[],"product_cat":[221],"product_tag":[],"class_list":{"0":"post-22281","1":"product","2":"type-product","3":"status-publish","4":"has-post-thumbnail","6":"product_cat-uppsaettningar","8":"first","9":"outofstock","10":"taxable","11":"shipping-taxable","12":"purchasable","13":"product-type-auction"},"acf":[],"_links":{"self":[{"href":"https:\/\/www.sebworld-auktionen.de\/sv\/wp-json\/wp\/v2\/product\/22281","targetHints":{"allow":["GET"]}}],"collection":[{"href":"https:\/\/www.sebworld-auktionen.de\/sv\/wp-json\/wp\/v2\/product"}],"about":[{"href":"https:\/\/www.sebworld-auktionen.de\/sv\/wp-json\/wp\/v2\/types\/product"}],"wp:featuredmedia":[{"embeddable":true,"href":"https:\/\/www.sebworld-auktionen.de\/sv\/wp-json\/wp\/v2\/media\/13977"}],"wp:attachment":[{"href":"https:\/\/www.sebworld-auktionen.de\/sv\/wp-json\/wp\/v2\/media?parent=22281"}],"wp:term":[{"taxonomy":"product_brand","embeddable":true,"href":"https:\/\/www.sebworld-auktionen.de\/sv\/wp-json\/wp\/v2\/product_brand?post=22281"},{"taxonomy":"product_cat","embeddable":true,"href":"https:\/\/www.sebworld-auktionen.de\/sv\/wp-json\/wp\/v2\/product_cat?post=22281"},{"taxonomy":"product_tag","embeddable":true,"href":"https:\/\/www.sebworld-auktionen.de\/sv\/wp-json\/wp\/v2\/product_tag?post=22281"}],"curies":[{"name":"wp","href":"https:\/\/api.w.org\/{rel}","templated":true}]}}