{"id":22286,"date":"2026-04-15T16:55:29","date_gmt":"2026-04-15T14:55:29","guid":{"rendered":"https:\/\/www.sebworld-auktionen.de\/produkt\/duk-1x-bord-4-stolar-hiller-trae-svart-laeder"},"modified":"2026-04-15T16:55:29","modified_gmt":"2026-04-15T14:55:29","slug":"duk-1x-bord-4-stolar-hiller-trae-svart-laeder","status":"publish","type":"product","link":"https:\/\/www.sebworld-auktionen.de\/sv\/lotterna\/duk-1x-bord-4-stolar-hiller-trae-svart-laeder","title":{"rendered":"Duk 1x bord &amp; 4 stolar Hiller tr\u00e4 \/ Svart l\u00e4der"},"content":{"rendered":"<p>Bord: Tr\u00e4 | Metallram svart | H: 74 cm | B: 70 cm | D: 70 cm<br \/>\nStolar: Hiller | Tr\u00e4 | L\u00e4der\u00f6verdrag av s\u00e4te | H: 88 cm | SH: 47 cm | B: 53 cm | D: cirka 56 cm<\/p>\n<p>*Visning och upph\u00e4mtning: Redcarstr. 3, 53842 Troisdorf* <\/p>\n","protected":false},"excerpt":{"rendered":"<p>Bord: Tr\u00e4 | Metallram svart | H: 74 cm | B: 70 cm | D: 70 cm Stolar: Hiller | Tr\u00e4 | L\u00e4der\u00f6verdrag av s\u00e4te | H: 88 cm | SH: 47 cm | B: 53 cm | D: cirka 56 cm *Visning och upph\u00e4mtning: Redcarstr. 3, 53842 Troisdorf*<\/p>\n","protected":false},"featured_media":14008,"template":"","meta":{"_acf_changed":false},"product_brand":[],"product_cat":[221],"product_tag":[],"class_list":{"0":"post-22286","1":"product","2":"type-product","3":"status-publish","4":"has-post-thumbnail","6":"product_cat-uppsaettningar","8":"first","9":"outofstock","10":"taxable","11":"shipping-taxable","12":"purchasable","13":"product-type-auction"},"acf":[],"_links":{"self":[{"href":"https:\/\/www.sebworld-auktionen.de\/sv\/wp-json\/wp\/v2\/product\/22286","targetHints":{"allow":["GET"]}}],"collection":[{"href":"https:\/\/www.sebworld-auktionen.de\/sv\/wp-json\/wp\/v2\/product"}],"about":[{"href":"https:\/\/www.sebworld-auktionen.de\/sv\/wp-json\/wp\/v2\/types\/product"}],"wp:featuredmedia":[{"embeddable":true,"href":"https:\/\/www.sebworld-auktionen.de\/sv\/wp-json\/wp\/v2\/media\/14008"}],"wp:attachment":[{"href":"https:\/\/www.sebworld-auktionen.de\/sv\/wp-json\/wp\/v2\/media?parent=22286"}],"wp:term":[{"taxonomy":"product_brand","embeddable":true,"href":"https:\/\/www.sebworld-auktionen.de\/sv\/wp-json\/wp\/v2\/product_brand?post=22286"},{"taxonomy":"product_cat","embeddable":true,"href":"https:\/\/www.sebworld-auktionen.de\/sv\/wp-json\/wp\/v2\/product_cat?post=22286"},{"taxonomy":"product_tag","embeddable":true,"href":"https:\/\/www.sebworld-auktionen.de\/sv\/wp-json\/wp\/v2\/product_tag?post=22286"}],"curies":[{"name":"wp","href":"https:\/\/api.w.org\/{rel}","templated":true}]}}