{"id":22372,"date":"2026-04-15T16:57:28","date_gmt":"2026-04-15T14:57:28","guid":{"rendered":"https:\/\/www.sebworld-auktionen.de\/produkt\/moroso-faatoelj-staal-hopsak-blaa-lila"},"modified":"2026-04-15T16:57:28","modified_gmt":"2026-04-15T14:57:28","slug":"moroso-faatoelj-staal-hopsak-blaa-lila","status":"publish","type":"product","link":"https:\/\/www.sebworld-auktionen.de\/sv\/lotterna\/moroso-faatoelj-staal-hopsak-blaa-lila","title":{"rendered":"Moroso F\u00e5t\u00f6lj St\u00e5l Hopsak Bl\u00e5 \/ Lila"},"content":{"rendered":"<p>Hopsak | Bl\u00e5 \/ Lila | Kromad ram | H: 80 cm | SH: 43 cm | B: 72 cm | D: 66 cm<\/p>\n<p>*Visning och upph\u00e4mtning: Redcarstr. 3, 53842 Troisdorf* <\/p>\n","protected":false},"excerpt":{"rendered":"<p>Hopsak | Bl\u00e5 \/ Lila | Kromad ram | H: 80 cm | SH: 43 cm | B: 72 cm | D: 66 cm *Visning och upph\u00e4mtning: Redcarstr. 3, 53842 Troisdorf*<\/p>\n","protected":false},"featured_media":14015,"template":"","meta":{"_acf_changed":false},"product_brand":[],"product_cat":[180],"product_tag":[],"class_list":{"0":"post-22372","1":"product","2":"type-product","3":"status-publish","4":"has-post-thumbnail","6":"product_cat-faatoelj","8":"first","9":"instock","10":"taxable","11":"shipping-taxable","12":"purchasable","13":"product-type-auction"},"acf":[],"_links":{"self":[{"href":"https:\/\/www.sebworld-auktionen.de\/sv\/wp-json\/wp\/v2\/product\/22372","targetHints":{"allow":["GET"]}}],"collection":[{"href":"https:\/\/www.sebworld-auktionen.de\/sv\/wp-json\/wp\/v2\/product"}],"about":[{"href":"https:\/\/www.sebworld-auktionen.de\/sv\/wp-json\/wp\/v2\/types\/product"}],"wp:featuredmedia":[{"embeddable":true,"href":"https:\/\/www.sebworld-auktionen.de\/sv\/wp-json\/wp\/v2\/media\/14015"}],"wp:attachment":[{"href":"https:\/\/www.sebworld-auktionen.de\/sv\/wp-json\/wp\/v2\/media?parent=22372"}],"wp:term":[{"taxonomy":"product_brand","embeddable":true,"href":"https:\/\/www.sebworld-auktionen.de\/sv\/wp-json\/wp\/v2\/product_brand?post=22372"},{"taxonomy":"product_cat","embeddable":true,"href":"https:\/\/www.sebworld-auktionen.de\/sv\/wp-json\/wp\/v2\/product_cat?post=22372"},{"taxonomy":"product_tag","embeddable":true,"href":"https:\/\/www.sebworld-auktionen.de\/sv\/wp-json\/wp\/v2\/product_tag?post=22372"}],"curies":[{"name":"wp","href":"https:\/\/api.w.org\/{rel}","templated":true}]}}