{"id":22435,"date":"2026-04-27T17:27:41","date_gmt":"2026-04-27T15:27:41","guid":{"rendered":"https:\/\/www.sebworld-auktionen.de\/produkt\/inramad-fotografisk-kopia-andreas-feininger-vasstjaert"},"modified":"2026-04-27T17:27:41","modified_gmt":"2026-04-27T15:27:41","slug":"inramad-fotografisk-kopia-andreas-feininger-vasstjaert","status":"publish","type":"product","link":"https:\/\/www.sebworld-auktionen.de\/sv\/lotterna\/inramad-fotografisk-kopia-andreas-feininger-vasstjaert","title":{"rendered":"Inramad fotografisk kopia &#8221;Andreas Feininger &#8211; Vasstj\u00e4rt&#8221;"},"content":{"rendered":"<p>Andreas Feininger &#8211; R\u00f6rstj\u00e4lk, 1934<br \/>\nTryck p\u00e5 papper | svart ram | H: 100 cm | B: 70 cm<\/p>\n<p>Sp\u00e5r av anv\u00e4ndning p\u00e5 ram och glas<\/p>\n","protected":false},"excerpt":{"rendered":"<p>Andreas Feininger &#8211; R\u00f6rstj\u00e4lk, 1934 Tryck p\u00e5 papper | svart ram | H: 100 cm | B: 70 cm Sp\u00e5r av anv\u00e4ndning p\u00e5 ram och glas<\/p>\n","protected":false},"featured_media":15775,"template":"","meta":{"_acf_changed":false},"product_brand":[],"product_cat":[192],"product_tag":[],"class_list":{"0":"post-22435","1":"product","2":"type-product","3":"status-publish","4":"has-post-thumbnail","6":"product_cat-maalningar","8":"first","9":"instock","10":"taxable","11":"shipping-taxable","12":"purchasable","13":"product-type-auction"},"acf":[],"_links":{"self":[{"href":"https:\/\/www.sebworld-auktionen.de\/sv\/wp-json\/wp\/v2\/product\/22435","targetHints":{"allow":["GET"]}}],"collection":[{"href":"https:\/\/www.sebworld-auktionen.de\/sv\/wp-json\/wp\/v2\/product"}],"about":[{"href":"https:\/\/www.sebworld-auktionen.de\/sv\/wp-json\/wp\/v2\/types\/product"}],"wp:featuredmedia":[{"embeddable":true,"href":"https:\/\/www.sebworld-auktionen.de\/sv\/wp-json\/wp\/v2\/media\/15775"}],"wp:attachment":[{"href":"https:\/\/www.sebworld-auktionen.de\/sv\/wp-json\/wp\/v2\/media?parent=22435"}],"wp:term":[{"taxonomy":"product_brand","embeddable":true,"href":"https:\/\/www.sebworld-auktionen.de\/sv\/wp-json\/wp\/v2\/product_brand?post=22435"},{"taxonomy":"product_cat","embeddable":true,"href":"https:\/\/www.sebworld-auktionen.de\/sv\/wp-json\/wp\/v2\/product_cat?post=22435"},{"taxonomy":"product_tag","embeddable":true,"href":"https:\/\/www.sebworld-auktionen.de\/sv\/wp-json\/wp\/v2\/product_tag?post=22435"}],"curies":[{"name":"wp","href":"https:\/\/api.w.org\/{rel}","templated":true}]}}