{"id":22546,"date":"2026-04-16T10:46:13","date_gmt":"2026-04-16T08:46:13","guid":{"rendered":"https:\/\/www.sebworld-auktionen.de\/produkt\/set-av-maro-konferensbord-8x-besoeksstolar-i-staal"},"modified":"2026-04-16T10:46:13","modified_gmt":"2026-04-16T08:46:13","slug":"set-av-maro-konferensbord-8x-besoeksstolar-i-staal","status":"publish","type":"product","link":"https:\/\/www.sebworld-auktionen.de\/sv\/lotterna\/set-av-maro-konferensbord-8x-besoeksstolar-i-staal","title":{"rendered":"Set av Maro konferensbord + 8x bes\u00f6ksstolar i st\u00e5l"},"content":{"rendered":"<p>Bord: Syntetisk resin | Vit | Metallram gr\u00e5 | H: 73 cm | B: 220 cm | D: 100 cm<br \/>\nStolar: St\u00e5l | Kromad | Sittdyna Hopsak Svart | H: 85 cm | SH: 43 cm | B: 49 cm | D: 51 cm<\/p>\n<p>*Visning och upph\u00e4mtning: Redcarstr. 3, 53842 Troisdorf* <\/p>\n","protected":false},"excerpt":{"rendered":"<p>Bord: Syntetisk resin | Vit | Metallram gr\u00e5 | H: 73 cm | B: 220 cm | D: 100 cm Stolar: St\u00e5l | Kromad | Sittdyna Hopsak Svart | H: 85 cm | SH: 43 cm | B: 49 cm | D: 51 cm *Visning och upph\u00e4mtning: Redcarstr. 3, 53842 Troisdorf*<\/p>\n","protected":false},"featured_media":14116,"template":"","meta":{"_acf_changed":false},"product_brand":[],"product_cat":[221],"product_tag":[],"class_list":{"0":"post-22546","1":"product","2":"type-product","3":"status-publish","4":"has-post-thumbnail","6":"product_cat-uppsaettningar","8":"first","9":"instock","10":"taxable","11":"shipping-taxable","12":"purchasable","13":"product-type-auction"},"acf":[],"_links":{"self":[{"href":"https:\/\/www.sebworld-auktionen.de\/sv\/wp-json\/wp\/v2\/product\/22546","targetHints":{"allow":["GET"]}}],"collection":[{"href":"https:\/\/www.sebworld-auktionen.de\/sv\/wp-json\/wp\/v2\/product"}],"about":[{"href":"https:\/\/www.sebworld-auktionen.de\/sv\/wp-json\/wp\/v2\/types\/product"}],"wp:featuredmedia":[{"embeddable":true,"href":"https:\/\/www.sebworld-auktionen.de\/sv\/wp-json\/wp\/v2\/media\/14116"}],"wp:attachment":[{"href":"https:\/\/www.sebworld-auktionen.de\/sv\/wp-json\/wp\/v2\/media?parent=22546"}],"wp:term":[{"taxonomy":"product_brand","embeddable":true,"href":"https:\/\/www.sebworld-auktionen.de\/sv\/wp-json\/wp\/v2\/product_brand?post=22546"},{"taxonomy":"product_cat","embeddable":true,"href":"https:\/\/www.sebworld-auktionen.de\/sv\/wp-json\/wp\/v2\/product_cat?post=22546"},{"taxonomy":"product_tag","embeddable":true,"href":"https:\/\/www.sebworld-auktionen.de\/sv\/wp-json\/wp\/v2\/product_tag?post=22546"}],"curies":[{"name":"wp","href":"https:\/\/api.w.org\/{rel}","templated":true}]}}