{"id":22640,"date":"2026-04-16T14:55:57","date_gmt":"2026-04-16T12:55:57","guid":{"rendered":"https:\/\/www.sebworld-auktionen.de\/produkt\/usm-haller-sideboard-11"},"modified":"2026-04-16T14:55:57","modified_gmt":"2026-04-16T12:55:57","slug":"usm-haller-sideboard-11","status":"publish","type":"product","link":"https:\/\/www.sebworld-auktionen.de\/sv\/lotterna\/usm-haller-sideboard-11","title":{"rendered":"USM Haller Sideboard"},"content":{"rendered":"<p>2:a generationen | helt vit RAL 9010 | 1x g\u00e5ngj\u00e4rnsd\u00f6rr | p\u00e5 hjul | H: 68 cm | V: 75 cm | D: 35 cm<\/p>\n","protected":false},"excerpt":{"rendered":"<p>2:a generationen | helt vit RAL 9010 | 1x g\u00e5ngj\u00e4rnsd\u00f6rr | p\u00e5 hjul | H: 68 cm | V: 75 cm | D: 35 cm<\/p>\n","protected":false},"featured_media":14217,"template":"","meta":{"_acf_changed":false},"product_brand":[],"product_cat":[229],"product_tag":[],"class_list":{"0":"post-22640","1":"product","2":"type-product","3":"status-publish","4":"has-post-thumbnail","6":"product_cat-skaap","8":"first","9":"instock","10":"taxable","11":"shipping-taxable","12":"purchasable","13":"product-type-auction"},"acf":[],"_links":{"self":[{"href":"https:\/\/www.sebworld-auktionen.de\/sv\/wp-json\/wp\/v2\/product\/22640","targetHints":{"allow":["GET"]}}],"collection":[{"href":"https:\/\/www.sebworld-auktionen.de\/sv\/wp-json\/wp\/v2\/product"}],"about":[{"href":"https:\/\/www.sebworld-auktionen.de\/sv\/wp-json\/wp\/v2\/types\/product"}],"wp:featuredmedia":[{"embeddable":true,"href":"https:\/\/www.sebworld-auktionen.de\/sv\/wp-json\/wp\/v2\/media\/14217"}],"wp:attachment":[{"href":"https:\/\/www.sebworld-auktionen.de\/sv\/wp-json\/wp\/v2\/media?parent=22640"}],"wp:term":[{"taxonomy":"product_brand","embeddable":true,"href":"https:\/\/www.sebworld-auktionen.de\/sv\/wp-json\/wp\/v2\/product_brand?post=22640"},{"taxonomy":"product_cat","embeddable":true,"href":"https:\/\/www.sebworld-auktionen.de\/sv\/wp-json\/wp\/v2\/product_cat?post=22640"},{"taxonomy":"product_tag","embeddable":true,"href":"https:\/\/www.sebworld-auktionen.de\/sv\/wp-json\/wp\/v2\/product_tag?post=22640"}],"curies":[{"name":"wp","href":"https:\/\/api.w.org\/{rel}","templated":true}]}}