{"id":22811,"date":"2026-04-16T16:13:19","date_gmt":"2026-04-16T14:13:19","guid":{"rendered":"https:\/\/www.sebworld-auktionen.de\/produkt\/vitra-ea-108-net-grey"},"modified":"2026-04-16T16:13:19","modified_gmt":"2026-04-16T14:13:19","slug":"vitra-ea-108-net-grey","status":"publish","type":"product","link":"https:\/\/www.sebworld-auktionen.de\/sv\/lotterna\/vitra-ea-108-net-grey","title":{"rendered":"Vitra EA 108 Net Grey"},"content":{"rendered":"<p>N\u00e4t | Gr\u00e5 | Ram polerad aluminium | 5-stj\u00e4rnig bas p\u00e5 hjul | ej roterbar | H: 82 cm | B: 66 cm | D: 66 cm<\/p>\n","protected":false},"excerpt":{"rendered":"<p>N\u00e4t | Gr\u00e5 | Ram polerad aluminium | 5-stj\u00e4rnig bas p\u00e5 hjul | ej roterbar | H: 82 cm | B: 66 cm | D: 66 cm<\/p>\n","protected":false},"featured_media":14296,"template":"","meta":{"_acf_changed":false},"product_brand":[],"product_cat":[188],"product_tag":[],"class_list":{"0":"post-22811","1":"product","2":"type-product","3":"status-publish","4":"has-post-thumbnail","6":"product_cat-kontorssnurrstolar","8":"first","9":"instock","10":"taxable","11":"shipping-taxable","12":"purchasable","13":"product-type-auction"},"acf":[],"_links":{"self":[{"href":"https:\/\/www.sebworld-auktionen.de\/sv\/wp-json\/wp\/v2\/product\/22811","targetHints":{"allow":["GET"]}}],"collection":[{"href":"https:\/\/www.sebworld-auktionen.de\/sv\/wp-json\/wp\/v2\/product"}],"about":[{"href":"https:\/\/www.sebworld-auktionen.de\/sv\/wp-json\/wp\/v2\/types\/product"}],"wp:featuredmedia":[{"embeddable":true,"href":"https:\/\/www.sebworld-auktionen.de\/sv\/wp-json\/wp\/v2\/media\/14296"}],"wp:attachment":[{"href":"https:\/\/www.sebworld-auktionen.de\/sv\/wp-json\/wp\/v2\/media?parent=22811"}],"wp:term":[{"taxonomy":"product_brand","embeddable":true,"href":"https:\/\/www.sebworld-auktionen.de\/sv\/wp-json\/wp\/v2\/product_brand?post=22811"},{"taxonomy":"product_cat","embeddable":true,"href":"https:\/\/www.sebworld-auktionen.de\/sv\/wp-json\/wp\/v2\/product_cat?post=22811"},{"taxonomy":"product_tag","embeddable":true,"href":"https:\/\/www.sebworld-auktionen.de\/sv\/wp-json\/wp\/v2\/product_tag?post=22811"}],"curies":[{"name":"wp","href":"https:\/\/api.w.org\/{rel}","templated":true}]}}