{"id":22851,"date":"2026-04-16T16:42:26","date_gmt":"2026-04-16T14:42:26","guid":{"rendered":"https:\/\/www.sebworld-auktionen.de\/produkt\/vitra-set-med-2-ea-108-net-grey"},"modified":"2026-04-16T16:42:26","modified_gmt":"2026-04-16T14:42:26","slug":"vitra-set-med-2-ea-108-net-grey","status":"publish","type":"product","link":"https:\/\/www.sebworld-auktionen.de\/sv\/lotterna\/vitra-set-med-2-ea-108-net-grey","title":{"rendered":"Vitra-set med 2 EA 108 Net Grey"},"content":{"rendered":"<p>Set om 2 | Net | Gr\u00e5 | Ram polerad aluminium | 5-stj\u00e4rnig bas p\u00e5 hjul | ej roterbar | H: 82 cm | B: 66 cm | D: 66 cm<\/p>\n","protected":false},"excerpt":{"rendered":"<p>Set om 2 | Net | Gr\u00e5 | Ram polerad aluminium | 5-stj\u00e4rnig bas p\u00e5 hjul | ej roterbar | H: 82 cm | B: 66 cm | D: 66 cm<\/p>\n","protected":false},"featured_media":14304,"template":"","meta":{"_acf_changed":false},"product_brand":[],"product_cat":[188],"product_tag":[],"class_list":{"0":"post-22851","1":"product","2":"type-product","3":"status-publish","4":"has-post-thumbnail","6":"product_cat-kontorssnurrstolar","8":"first","9":"instock","10":"taxable","11":"shipping-taxable","12":"purchasable","13":"product-type-auction"},"acf":[],"_links":{"self":[{"href":"https:\/\/www.sebworld-auktionen.de\/sv\/wp-json\/wp\/v2\/product\/22851","targetHints":{"allow":["GET"]}}],"collection":[{"href":"https:\/\/www.sebworld-auktionen.de\/sv\/wp-json\/wp\/v2\/product"}],"about":[{"href":"https:\/\/www.sebworld-auktionen.de\/sv\/wp-json\/wp\/v2\/types\/product"}],"wp:featuredmedia":[{"embeddable":true,"href":"https:\/\/www.sebworld-auktionen.de\/sv\/wp-json\/wp\/v2\/media\/14304"}],"wp:attachment":[{"href":"https:\/\/www.sebworld-auktionen.de\/sv\/wp-json\/wp\/v2\/media?parent=22851"}],"wp:term":[{"taxonomy":"product_brand","embeddable":true,"href":"https:\/\/www.sebworld-auktionen.de\/sv\/wp-json\/wp\/v2\/product_brand?post=22851"},{"taxonomy":"product_cat","embeddable":true,"href":"https:\/\/www.sebworld-auktionen.de\/sv\/wp-json\/wp\/v2\/product_cat?post=22851"},{"taxonomy":"product_tag","embeddable":true,"href":"https:\/\/www.sebworld-auktionen.de\/sv\/wp-json\/wp\/v2\/product_tag?post=22851"}],"curies":[{"name":"wp","href":"https:\/\/api.w.org\/{rel}","templated":true}]}}