{"id":23099,"date":"2026-04-20T13:25:24","date_gmt":"2026-04-20T11:25:24","guid":{"rendered":"https:\/\/www.sebworld-auktionen.de\/produkt\/thonet-s3001-tygblaa"},"modified":"2026-04-20T13:25:24","modified_gmt":"2026-04-20T11:25:24","slug":"thonet-s3001-tygblaa","status":"publish","type":"product","link":"https:\/\/www.sebworld-auktionen.de\/sv\/lotterna\/thonet-s3001-tygblaa","title":{"rendered":"Thonet S3001 Tygbl\u00e5"},"content":{"rendered":"<p>Tyg | Bl\u00e5tt med gr\u00f6nt m\u00f6nster | Kromad ram | H: 75 cm | SH: 43 cm | B: 75 cm | D: 67 cm<\/p>\n","protected":false},"excerpt":{"rendered":"<p>Tyg | Bl\u00e5tt med gr\u00f6nt m\u00f6nster | Kromad ram | H: 75 cm | SH: 43 cm | B: 75 cm | D: 67 cm<\/p>\n","protected":false},"featured_media":14797,"template":"","meta":{"_acf_changed":false},"product_brand":[],"product_cat":[180],"product_tag":[],"class_list":{"0":"post-23099","1":"product","2":"type-product","3":"status-publish","4":"has-post-thumbnail","6":"product_cat-faatoelj","8":"first","9":"instock","10":"taxable","11":"shipping-taxable","12":"purchasable","13":"product-type-auction"},"acf":[],"_links":{"self":[{"href":"https:\/\/www.sebworld-auktionen.de\/sv\/wp-json\/wp\/v2\/product\/23099","targetHints":{"allow":["GET"]}}],"collection":[{"href":"https:\/\/www.sebworld-auktionen.de\/sv\/wp-json\/wp\/v2\/product"}],"about":[{"href":"https:\/\/www.sebworld-auktionen.de\/sv\/wp-json\/wp\/v2\/types\/product"}],"wp:featuredmedia":[{"embeddable":true,"href":"https:\/\/www.sebworld-auktionen.de\/sv\/wp-json\/wp\/v2\/media\/14797"}],"wp:attachment":[{"href":"https:\/\/www.sebworld-auktionen.de\/sv\/wp-json\/wp\/v2\/media?parent=23099"}],"wp:term":[{"taxonomy":"product_brand","embeddable":true,"href":"https:\/\/www.sebworld-auktionen.de\/sv\/wp-json\/wp\/v2\/product_brand?post=23099"},{"taxonomy":"product_cat","embeddable":true,"href":"https:\/\/www.sebworld-auktionen.de\/sv\/wp-json\/wp\/v2\/product_cat?post=23099"},{"taxonomy":"product_tag","embeddable":true,"href":"https:\/\/www.sebworld-auktionen.de\/sv\/wp-json\/wp\/v2\/product_tag?post=23099"}],"curies":[{"name":"wp","href":"https:\/\/api.w.org\/{rel}","templated":true}]}}