{"id":23334,"date":"2026-04-22T15:31:04","date_gmt":"2026-04-22T13:31:04","guid":{"rendered":"https:\/\/www.sebworld-auktionen.de\/produkt\/vitra-plaststol-dsw-plastljusblaa"},"modified":"2026-04-22T15:31:04","modified_gmt":"2026-04-22T13:31:04","slug":"vitra-plaststol-dsw-plastljusblaa","status":"publish","type":"product","link":"https:\/\/www.sebworld-auktionen.de\/sv\/lotterna\/vitra-plaststol-dsw-plastljusblaa","title":{"rendered":"Vitra plaststol DSW Plastljusbl\u00e5"},"content":{"rendered":"<p>Plast | Ljusbl\u00e5 | Ramtr\u00e4 | H: 83 cm | SH: 46 cm | B: 46 cm | D: 52 cm<\/p>\n","protected":false},"excerpt":{"rendered":"<p>Plast | Ljusbl\u00e5 | Ramtr\u00e4 | H: 83 cm | SH: 46 cm | B: 46 cm | D: 52 cm<\/p>\n","protected":false},"featured_media":15110,"template":"","meta":{"_acf_changed":false},"product_brand":[],"product_cat":[239],"product_tag":[],"class_list":{"0":"post-23334","1":"product","2":"type-product","3":"status-publish","4":"has-post-thumbnail","6":"product_cat-besoeksstolar","8":"first","9":"instock","10":"taxable","11":"shipping-taxable","12":"purchasable","13":"product-type-auction"},"acf":[],"_links":{"self":[{"href":"https:\/\/www.sebworld-auktionen.de\/sv\/wp-json\/wp\/v2\/product\/23334","targetHints":{"allow":["GET"]}}],"collection":[{"href":"https:\/\/www.sebworld-auktionen.de\/sv\/wp-json\/wp\/v2\/product"}],"about":[{"href":"https:\/\/www.sebworld-auktionen.de\/sv\/wp-json\/wp\/v2\/types\/product"}],"wp:featuredmedia":[{"embeddable":true,"href":"https:\/\/www.sebworld-auktionen.de\/sv\/wp-json\/wp\/v2\/media\/15110"}],"wp:attachment":[{"href":"https:\/\/www.sebworld-auktionen.de\/sv\/wp-json\/wp\/v2\/media?parent=23334"}],"wp:term":[{"taxonomy":"product_brand","embeddable":true,"href":"https:\/\/www.sebworld-auktionen.de\/sv\/wp-json\/wp\/v2\/product_brand?post=23334"},{"taxonomy":"product_cat","embeddable":true,"href":"https:\/\/www.sebworld-auktionen.de\/sv\/wp-json\/wp\/v2\/product_cat?post=23334"},{"taxonomy":"product_tag","embeddable":true,"href":"https:\/\/www.sebworld-auktionen.de\/sv\/wp-json\/wp\/v2\/product_tag?post=23334"}],"curies":[{"name":"wp","href":"https:\/\/api.w.org\/{rel}","templated":true}]}}