{"id":23470,"date":"2026-04-22T16:19:56","date_gmt":"2026-04-22T14:19:56","guid":{"rendered":"https:\/\/www.sebworld-auktionen.de\/produkt\/2x-walter-knoll-369-laederbrun-vitra-segmenterat-bord-syntetisk-resin-svart"},"modified":"2026-04-22T16:19:56","modified_gmt":"2026-04-22T14:19:56","slug":"2x-walter-knoll-369-laederbrun-vitra-segmenterat-bord-syntetisk-resin-svart","status":"publish","type":"product","link":"https:\/\/www.sebworld-auktionen.de\/sv\/lotterna\/2x-walter-knoll-369-laederbrun-vitra-segmenterat-bord-syntetisk-resin-svart","title":{"rendered":"2x Walter Knoll 369 L\u00e4derbrun + Vitra segmenterat bord syntetisk resin svart"},"content":{"rendered":"<p>Bord: Syntetisk resin | Svart | Kromad ram | H: 45 cm | \u00d8: 90 cm<br \/>\nF\u00e5t\u00f6lj: Set om 2 | L\u00e4der | Brunt | Metallram svart | H: 70 cm | SH: 42 cm | B: 72 cm | D: 68 cm<\/p>\n","protected":false},"excerpt":{"rendered":"<p>Bord: Syntetisk resin | Svart | Kromad ram | H: 45 cm | \u00d8: 90 cm F\u00e5t\u00f6lj: Set om 2 | L\u00e4der | Brunt | Metallram svart | H: 70 cm | SH: 42 cm | B: 72 cm | D: 68 cm<\/p>\n","protected":false},"featured_media":15129,"template":"","meta":{"_acf_changed":false},"product_brand":[],"product_cat":[221],"product_tag":[],"class_list":{"0":"post-23470","1":"product","2":"type-product","3":"status-publish","4":"has-post-thumbnail","6":"product_cat-uppsaettningar","8":"first","9":"instock","10":"taxable","11":"shipping-taxable","12":"purchasable","13":"product-type-auction"},"acf":[],"_links":{"self":[{"href":"https:\/\/www.sebworld-auktionen.de\/sv\/wp-json\/wp\/v2\/product\/23470","targetHints":{"allow":["GET"]}}],"collection":[{"href":"https:\/\/www.sebworld-auktionen.de\/sv\/wp-json\/wp\/v2\/product"}],"about":[{"href":"https:\/\/www.sebworld-auktionen.de\/sv\/wp-json\/wp\/v2\/types\/product"}],"wp:featuredmedia":[{"embeddable":true,"href":"https:\/\/www.sebworld-auktionen.de\/sv\/wp-json\/wp\/v2\/media\/15129"}],"wp:attachment":[{"href":"https:\/\/www.sebworld-auktionen.de\/sv\/wp-json\/wp\/v2\/media?parent=23470"}],"wp:term":[{"taxonomy":"product_brand","embeddable":true,"href":"https:\/\/www.sebworld-auktionen.de\/sv\/wp-json\/wp\/v2\/product_brand?post=23470"},{"taxonomy":"product_cat","embeddable":true,"href":"https:\/\/www.sebworld-auktionen.de\/sv\/wp-json\/wp\/v2\/product_cat?post=23470"},{"taxonomy":"product_tag","embeddable":true,"href":"https:\/\/www.sebworld-auktionen.de\/sv\/wp-json\/wp\/v2\/product_tag?post=23470"}],"curies":[{"name":"wp","href":"https:\/\/api.w.org\/{rel}","templated":true}]}}