{"id":23666,"date":"2026-04-13T14:15:09","date_gmt":"2026-04-13T12:15:09","guid":{"rendered":"https:\/\/www.sebworld-auktionen.de\/produkt\/fetra-double-bulkhead-trolley-wood-metal-blue-3"},"modified":"2026-04-13T14:15:09","modified_gmt":"2026-04-13T12:15:09","slug":"fetra-double-bulkhead-trolley-wood-metal-blue-3","status":"publish","type":"product","link":"https:\/\/www.sebworld-auktionen.de\/sv\/lotterna\/fetra-double-bulkhead-trolley-wood-metal-blue-3","title":{"rendered":"Fetra Double Bulkhead Trolley Wood \/ Metal Blue"},"content":{"rendered":"<p>Tr\u00e4 | Ramen Metal Blue | \u00c4ndv\u00e4ggar t\u00e4ckta med tr\u00e4 | 2x sv\u00e4ngbara hjul | H: 95 cm | B: 140 cm | D: 60 cm<\/p>\n<p>*Bilderna \u00e4r exemplariska, alla Fetra dubbelbulkvagnar \u00e4r identiska i konstruktion | 3, 53842 Troisdorf* <\/p>\n","protected":false},"excerpt":{"rendered":"<p>Tr\u00e4 | Ramen Metal Blue | \u00c4ndv\u00e4ggar t\u00e4ckta med tr\u00e4 | 2x sv\u00e4ngbara hjul | H: 95 cm | B: 140 cm | D: 60 cm *Bilderna \u00e4r exemplariska, alla Fetra dubbelbulkvagnar \u00e4r identiska i konstruktion | 3, 53842 Troisdorf*<\/p>\n","protected":false},"featured_media":13880,"template":"","meta":{"_acf_changed":false},"product_brand":[],"product_cat":[300],"product_tag":[],"class_list":{"0":"post-23666","1":"product","2":"type-product","3":"status-publish","4":"has-post-thumbnail","6":"product_cat-vagnar","8":"first","9":"instock","10":"taxable","11":"shipping-taxable","12":"purchasable","13":"product-type-auction"},"acf":[],"_links":{"self":[{"href":"https:\/\/www.sebworld-auktionen.de\/sv\/wp-json\/wp\/v2\/product\/23666","targetHints":{"allow":["GET"]}}],"collection":[{"href":"https:\/\/www.sebworld-auktionen.de\/sv\/wp-json\/wp\/v2\/product"}],"about":[{"href":"https:\/\/www.sebworld-auktionen.de\/sv\/wp-json\/wp\/v2\/types\/product"}],"wp:featuredmedia":[{"embeddable":true,"href":"https:\/\/www.sebworld-auktionen.de\/sv\/wp-json\/wp\/v2\/media\/13880"}],"wp:attachment":[{"href":"https:\/\/www.sebworld-auktionen.de\/sv\/wp-json\/wp\/v2\/media?parent=23666"}],"wp:term":[{"taxonomy":"product_brand","embeddable":true,"href":"https:\/\/www.sebworld-auktionen.de\/sv\/wp-json\/wp\/v2\/product_brand?post=23666"},{"taxonomy":"product_cat","embeddable":true,"href":"https:\/\/www.sebworld-auktionen.de\/sv\/wp-json\/wp\/v2\/product_cat?post=23666"},{"taxonomy":"product_tag","embeddable":true,"href":"https:\/\/www.sebworld-auktionen.de\/sv\/wp-json\/wp\/v2\/product_tag?post=23666"}],"curies":[{"name":"wp","href":"https:\/\/api.w.org\/{rel}","templated":true}]}}