{"id":24309,"date":"2026-04-28T08:54:55","date_gmt":"2026-04-28T06:54:55","guid":{"rendered":"https:\/\/www.sebworld-auktionen.de\/produkt\/actiu-stay-tyg-mesh-svart"},"modified":"2026-04-28T08:54:55","modified_gmt":"2026-04-28T06:54:55","slug":"actiu-stay-tyg-mesh-svart","status":"publish","type":"product","link":"https:\/\/www.sebworld-auktionen.de\/sv\/lotterna\/actiu-stay-tyg-mesh-svart","title":{"rendered":"Actiu STAY-tyg \/ Mesh svart"},"content":{"rendered":"<p>Tyg \/ N\u00e4t | Svart | 5-stj\u00e4rnig bas p\u00e5 hjul | med 2D-armst\u00f6d | S\u00e4tesdjup och h\u00f6jdjustering | med l\u00e5sbar vippfunktion<br \/>\nmed justerbart l\u00e4ndryggst\u00f6d | H: 92,5\u2013104,5 cm | SH: 44-56 cm | B: 63 cm | T: 52-60 cm<\/p>\n","protected":false},"excerpt":{"rendered":"<p>Tyg \/ N\u00e4t | Svart | 5-stj\u00e4rnig bas p\u00e5 hjul | med 2D-armst\u00f6d | S\u00e4tesdjup och h\u00f6jdjustering | med l\u00e5sbar vippfunktion med justerbart l\u00e4ndryggst\u00f6d | H: 92,5\u2013104,5 cm | SH: 44-56 cm | B: 63 cm | T: 52-60 cm<\/p>\n","protected":false},"featured_media":23793,"template":"","meta":{"_acf_changed":false},"product_brand":[],"product_cat":[188],"product_tag":[],"class_list":{"0":"post-24309","1":"product","2":"type-product","3":"status-publish","4":"has-post-thumbnail","6":"product_cat-kontorssnurrstolar","8":"first","9":"instock","10":"taxable","11":"shipping-taxable","12":"purchasable","13":"product-type-auction"},"acf":[],"_links":{"self":[{"href":"https:\/\/www.sebworld-auktionen.de\/sv\/wp-json\/wp\/v2\/product\/24309","targetHints":{"allow":["GET"]}}],"collection":[{"href":"https:\/\/www.sebworld-auktionen.de\/sv\/wp-json\/wp\/v2\/product"}],"about":[{"href":"https:\/\/www.sebworld-auktionen.de\/sv\/wp-json\/wp\/v2\/types\/product"}],"wp:featuredmedia":[{"embeddable":true,"href":"https:\/\/www.sebworld-auktionen.de\/sv\/wp-json\/wp\/v2\/media\/23793"}],"wp:attachment":[{"href":"https:\/\/www.sebworld-auktionen.de\/sv\/wp-json\/wp\/v2\/media?parent=24309"}],"wp:term":[{"taxonomy":"product_brand","embeddable":true,"href":"https:\/\/www.sebworld-auktionen.de\/sv\/wp-json\/wp\/v2\/product_brand?post=24309"},{"taxonomy":"product_cat","embeddable":true,"href":"https:\/\/www.sebworld-auktionen.de\/sv\/wp-json\/wp\/v2\/product_cat?post=24309"},{"taxonomy":"product_tag","embeddable":true,"href":"https:\/\/www.sebworld-auktionen.de\/sv\/wp-json\/wp\/v2\/product_tag?post=24309"}],"curies":[{"name":"wp","href":"https:\/\/api.w.org\/{rel}","templated":true}]}}