{"id":24486,"date":"2026-04-28T08:31:18","date_gmt":"2026-04-28T06:31:18","guid":{"rendered":"https:\/\/www.sebworld-auktionen.de\/produkt\/rohde-grahl-kontorssnurrstol-tyg-svart"},"modified":"2026-04-28T08:31:18","modified_gmt":"2026-04-28T06:31:18","slug":"rohde-grahl-kontorssnurrstol-tyg-svart","status":"publish","type":"product","link":"https:\/\/www.sebworld-auktionen.de\/sv\/lotterna\/rohde-grahl-kontorssnurrstol-tyg-svart","title":{"rendered":"Rohde + Grahl kontorssnurrstol Tyg Svart"},"content":{"rendered":"<p>Tyg | Svart | p\u00e5 femstj\u00e4rnig bas med hjul | roterbar | h\u00f6jdjusterbar | Med Arret. Vippfunktion | H: 100-110 cm | SH: 44-54 cm | B: 63 cm | T: 57 cm <\/p>\n","protected":false},"excerpt":{"rendered":"<p>Tyg | Svart | p\u00e5 femstj\u00e4rnig bas med hjul | roterbar | h\u00f6jdjusterbar | Med Arret. Vippfunktion | H: 100-110 cm | SH: 44-54 cm | B: 63 cm | T: 57 cm<\/p>\n","protected":false},"featured_media":23756,"template":"","meta":{"_acf_changed":false},"product_brand":[],"product_cat":[188],"product_tag":[],"class_list":{"0":"post-24486","1":"product","2":"type-product","3":"status-publish","4":"has-post-thumbnail","6":"product_cat-kontorssnurrstolar","8":"first","9":"instock","10":"taxable","11":"shipping-taxable","12":"purchasable","13":"product-type-auction"},"acf":[],"_links":{"self":[{"href":"https:\/\/www.sebworld-auktionen.de\/sv\/wp-json\/wp\/v2\/product\/24486","targetHints":{"allow":["GET"]}}],"collection":[{"href":"https:\/\/www.sebworld-auktionen.de\/sv\/wp-json\/wp\/v2\/product"}],"about":[{"href":"https:\/\/www.sebworld-auktionen.de\/sv\/wp-json\/wp\/v2\/types\/product"}],"wp:featuredmedia":[{"embeddable":true,"href":"https:\/\/www.sebworld-auktionen.de\/sv\/wp-json\/wp\/v2\/media\/23756"}],"wp:attachment":[{"href":"https:\/\/www.sebworld-auktionen.de\/sv\/wp-json\/wp\/v2\/media?parent=24486"}],"wp:term":[{"taxonomy":"product_brand","embeddable":true,"href":"https:\/\/www.sebworld-auktionen.de\/sv\/wp-json\/wp\/v2\/product_brand?post=24486"},{"taxonomy":"product_cat","embeddable":true,"href":"https:\/\/www.sebworld-auktionen.de\/sv\/wp-json\/wp\/v2\/product_cat?post=24486"},{"taxonomy":"product_tag","embeddable":true,"href":"https:\/\/www.sebworld-auktionen.de\/sv\/wp-json\/wp\/v2\/product_tag?post=24486"}],"curies":[{"name":"wp","href":"https:\/\/api.w.org\/{rel}","templated":true}]}}